{"id":10966,"date":"2021-10-29T17:58:05","date_gmt":"2021-10-29T15:58:05","guid":{"rendered":"http:\/\/mil-et-zim.fr\/?post_type=product&#038;p=10966"},"modified":"2022-12-21T20:24:26","modified_gmt":"2022-12-21T19:24:26","slug":"st-pourcain-domaine-terres-docre-linstant-t-blanc-2019-75cl","status":"publish","type":"product","link":"https:\/\/mil-et-zim.fr\/index.php\/product\/st-pourcain-domaine-terres-docre-linstant-t-blanc-2019-75cl\/","title":{"rendered":"ST POURCAIN-DOMAINE TERRES D&#8217;OCRE-L&#8217;INSTANT T-BLANC-2019-75CL"},"content":{"rendered":"<p>Ce blanc de\u00a0<strong>Saint-Pour\u00e7ain<\/strong>\u00a0r\u00e9sulte de l\u2019assemblage des c\u00e9pages\u00a0<strong>Chardonnay et Tressallier<\/strong>. Le\u00a0<em>Chardonnay<\/em>\u00a0pr\u00e9sent en grande majorit\u00e9 apportera\u00a0<em>fruit\u00e9 et rondeur<\/em>\u00a0; le\u00a0<em>Tressallier<\/em>\u00a0quant \u00e0 lui conf\u00e9rera<em>\u00a0tension et fraicheur<\/em>. Au nez, on retrouve un joli bouquet d\u2019agrumes et de fruits blancs (p\u00eache et poire). La bouche est pleine de vitalit\u00e9, de fraicheur et la trame min\u00e9rale des sols se ressent dans ce vin. Une belle tension vient souligner la fin de bouche et quelques notes de miel et de verveine complexifient l\u2019aromatique. \u00c0 boire d\u00e8s \u00e0 pr\u00e9sent sans h\u00e9siter, mais \u00e0 garder \u00e9galement quelques ann\u00e9es sans se soucier !<\/p>\n","protected":false},"excerpt":{"rendered":"<p>Aromatique et frais<\/p>\n","protected":false},"featured_media":11215,"comment_status":"open","ping_status":"closed","template":"","meta":[],"product_cat":[173,138],"product_tag":[146],"_links":{"self":[{"href":"https:\/\/mil-et-zim.fr\/index.php\/wp-json\/wp\/v2\/product\/10966"}],"collection":[{"href":"https:\/\/mil-et-zim.fr\/index.php\/wp-json\/wp\/v2\/product"}],"about":[{"href":"https:\/\/mil-et-zim.fr\/index.php\/wp-json\/wp\/v2\/types\/product"}],"replies":[{"embeddable":true,"href":"https:\/\/mil-et-zim.fr\/index.php\/wp-json\/wp\/v2\/comments?post=10966"}],"wp:featuredmedia":[{"embeddable":true,"href":"https:\/\/mil-et-zim.fr\/index.php\/wp-json\/wp\/v2\/media\/11215"}],"wp:attachment":[{"href":"https:\/\/mil-et-zim.fr\/index.php\/wp-json\/wp\/v2\/media?parent=10966"}],"wp:term":[{"taxonomy":"product_cat","embeddable":true,"href":"https:\/\/mil-et-zim.fr\/index.php\/wp-json\/wp\/v2\/product_cat?post=10966"},{"taxonomy":"product_tag","embeddable":true,"href":"https:\/\/mil-et-zim.fr\/index.php\/wp-json\/wp\/v2\/product_tag?post=10966"}],"curies":[{"name":"wp","href":"https:\/\/api.w.org\/{rel}","templated":true}]}}