{"id":10968,"date":"2021-10-29T18:06:44","date_gmt":"2021-10-29T16:06:44","guid":{"rendered":"http:\/\/mil-et-zim.fr\/?post_type=product&#038;p=10968"},"modified":"2022-12-21T20:24:45","modified_gmt":"2022-12-21T19:24:45","slug":"igp-pays-dherault-domaine-de-lhortus-le-loup-dans-la-bergerie-rouge-2020-75cl","status":"publish","type":"product","link":"https:\/\/mil-et-zim.fr\/index.php\/product\/igp-pays-dherault-domaine-de-lhortus-le-loup-dans-la-bergerie-rouge-2020-75cl\/","title":{"rendered":"IGP PAYS D&#8217;HERAULT-DOMAINE DE L&#8217;HORTUS-LE LOUP DANS LA BERGERIE-ROUGE-2020-75CL"},"content":{"rendered":"<p><strong>Jean Orliac<\/strong>\u00a0nous propose une gamme tricolore de vins frais, fruit\u00e9s et sans pr\u00e9tention. Des vins de plaisir, \u00ab\u00a0<em><strong>de copains<\/strong><\/em>\u00a0\u00bb, \u00e0 d\u00e9guster en toute saison. Ici, le vin rouge se traduit par une grande fraicheur, beaucoup de fruit et de la rondeur.\u00a0<em>Tr\u00e8s agr\u00e9able<\/em>\u00a0!<\/p>\n<p>C\u00e9pages : 40% de Syrah, 30% de Merlot et 30% de Grenache.<\/p>\n<p>&nbsp;<\/p>\n","protected":false},"excerpt":{"rendered":"<p>Fruit\u00e9 et rond.<\/p>\n<p>Compagnon id\u00e9al des barbecues, ce vin vous suivra tout l&#8217;\u00e9t\u00e9. Vous pouvez le d\u00e9guster l\u00e9g\u00e8rement rafraichi lors des fortes chaleurs, sinon \u00e0 temp\u00e9rature ambiante entre 14 et 16\u00b0C.<\/p>\n","protected":false},"featured_media":11214,"comment_status":"open","ping_status":"closed","template":"","meta":[],"product_cat":[175,136],"product_tag":[148],"_links":{"self":[{"href":"https:\/\/mil-et-zim.fr\/index.php\/wp-json\/wp\/v2\/product\/10968"}],"collection":[{"href":"https:\/\/mil-et-zim.fr\/index.php\/wp-json\/wp\/v2\/product"}],"about":[{"href":"https:\/\/mil-et-zim.fr\/index.php\/wp-json\/wp\/v2\/types\/product"}],"replies":[{"embeddable":true,"href":"https:\/\/mil-et-zim.fr\/index.php\/wp-json\/wp\/v2\/comments?post=10968"}],"wp:featuredmedia":[{"embeddable":true,"href":"https:\/\/mil-et-zim.fr\/index.php\/wp-json\/wp\/v2\/media\/11214"}],"wp:attachment":[{"href":"https:\/\/mil-et-zim.fr\/index.php\/wp-json\/wp\/v2\/media?parent=10968"}],"wp:term":[{"taxonomy":"product_cat","embeddable":true,"href":"https:\/\/mil-et-zim.fr\/index.php\/wp-json\/wp\/v2\/product_cat?post=10968"},{"taxonomy":"product_tag","embeddable":true,"href":"https:\/\/mil-et-zim.fr\/index.php\/wp-json\/wp\/v2\/product_tag?post=10968"}],"curies":[{"name":"wp","href":"https:\/\/api.w.org\/{rel}","templated":true}]}}