{"id":10974,"date":"2021-10-30T11:52:59","date_gmt":"2021-10-30T09:52:59","guid":{"rendered":"http:\/\/mil-et-zim.fr\/?post_type=product&#038;p=10974"},"modified":"2022-12-21T20:21:26","modified_gmt":"2022-12-21T19:21:26","slug":"cotes-du-roussillon-la-preceptorie-coume-marie-rouge-2019-75cl","status":"publish","type":"product","link":"https:\/\/mil-et-zim.fr\/index.php\/product\/cotes-du-roussillon-la-preceptorie-coume-marie-rouge-2019-75cl\/","title":{"rendered":"COTES DU ROUSSILLON-LA PRECEPTORIE-COUME MARIE-ROUGE-2019-75CL"},"content":{"rendered":"<p>Un vin tr\u00e8s frais et fruit\u00e9, aux accents du Sud. Le nez d\u00e9gage des ar\u00f4mes de prune et de figue. La bouche fruit\u00e9e, marqu\u00e9e par des tanins souples et une belle longueur.<\/p>\n<p>D\u00e9complex\u00e9, \u00e0 16\u00b0C, lors d&#8217;une p\u00e9tanque endiabl\u00e9e autour d\u2019un barbecue. Aussi : pigeon r\u00f4ti, tajine de veau ou de b\u0153uf.<\/p>\n<p>C\u00e9pages : Grenache noir et Carignan.<\/p>\n<p>&nbsp;<\/p>\n","protected":false},"excerpt":{"rendered":"<p>Un vin tr\u00e8s frais et fruit\u00e9, aux accents du Sud.<\/p>\n","protected":false},"featured_media":11212,"comment_status":"open","ping_status":"closed","template":"","meta":[],"product_cat":[175,136],"product_tag":[151],"_links":{"self":[{"href":"https:\/\/mil-et-zim.fr\/index.php\/wp-json\/wp\/v2\/product\/10974"}],"collection":[{"href":"https:\/\/mil-et-zim.fr\/index.php\/wp-json\/wp\/v2\/product"}],"about":[{"href":"https:\/\/mil-et-zim.fr\/index.php\/wp-json\/wp\/v2\/types\/product"}],"replies":[{"embeddable":true,"href":"https:\/\/mil-et-zim.fr\/index.php\/wp-json\/wp\/v2\/comments?post=10974"}],"wp:featuredmedia":[{"embeddable":true,"href":"https:\/\/mil-et-zim.fr\/index.php\/wp-json\/wp\/v2\/media\/11212"}],"wp:attachment":[{"href":"https:\/\/mil-et-zim.fr\/index.php\/wp-json\/wp\/v2\/media?parent=10974"}],"wp:term":[{"taxonomy":"product_cat","embeddable":true,"href":"https:\/\/mil-et-zim.fr\/index.php\/wp-json\/wp\/v2\/product_cat?post=10974"},{"taxonomy":"product_tag","embeddable":true,"href":"https:\/\/mil-et-zim.fr\/index.php\/wp-json\/wp\/v2\/product_tag?post=10974"}],"curies":[{"name":"wp","href":"https:\/\/api.w.org\/{rel}","templated":true}]}}