{"id":10977,"date":"2021-10-30T12:00:38","date_gmt":"2021-10-30T10:00:38","guid":{"rendered":"http:\/\/mil-et-zim.fr\/?post_type=product&#038;p=10977"},"modified":"2022-12-20T00:51:48","modified_gmt":"2022-12-19T23:51:48","slug":"cotes-du-roussillon-villages-vins-parce-freres-zoe-rouge-2019-75cl","status":"publish","type":"product","link":"https:\/\/mil-et-zim.fr\/index.php\/product\/cotes-du-roussillon-villages-vins-parce-freres-zoe-rouge-2019-75cl\/","title":{"rendered":"COTES DU ROUSSILLON VILLAGES-VINS PARCE FRERES-ZOE-ROUGE-2019-75CL"},"content":{"rendered":"<p>La cuv\u00e9e \u00ab Zo\u00e9 \u00bb rouge des fr\u00e8res Parc\u00e9 est \u00e9labor\u00e9e \u00e0 partir de vignes de Grenache, de Syrah et de Mourv\u00e8dre, plant\u00e9es \u00e0 environ 20 kilom\u00e8tres \u00e0 l&#8217;Ouest de Narbonne, sur le massif de Fontfroide. Le vin est \u00e9lev\u00e9 7 mois en cuve puis mis en bouteilles. Un IGP Pays d&#8217;Oc si fruit\u00e9 qu&#8217;il en deviendrait presque une gourmandise. Le nez intense de petits fruits rouges et noirs (cassis, cerise), est compl\u00e9t\u00e9 par une note de garrigue et quelques \u00e9pices douces (vanille notamment). La bouche est dense, souple mais bien \u00e9quilibr\u00e9e toutefois, et les tanins&#8230; Du velours !<\/p>\n<p>C\u00e9pages : Grenache, Syrah et Carignan.<\/p>\n","protected":false},"excerpt":{"rendered":"<p>Dense, souple mais bien \u00e9quilibr\u00e9e !<\/p>\n","protected":false},"featured_media":11062,"comment_status":"open","ping_status":"closed","template":"","meta":[],"product_cat":[175,136],"product_tag":[151],"_links":{"self":[{"href":"https:\/\/mil-et-zim.fr\/index.php\/wp-json\/wp\/v2\/product\/10977"}],"collection":[{"href":"https:\/\/mil-et-zim.fr\/index.php\/wp-json\/wp\/v2\/product"}],"about":[{"href":"https:\/\/mil-et-zim.fr\/index.php\/wp-json\/wp\/v2\/types\/product"}],"replies":[{"embeddable":true,"href":"https:\/\/mil-et-zim.fr\/index.php\/wp-json\/wp\/v2\/comments?post=10977"}],"wp:featuredmedia":[{"embeddable":true,"href":"https:\/\/mil-et-zim.fr\/index.php\/wp-json\/wp\/v2\/media\/11062"}],"wp:attachment":[{"href":"https:\/\/mil-et-zim.fr\/index.php\/wp-json\/wp\/v2\/media?parent=10977"}],"wp:term":[{"taxonomy":"product_cat","embeddable":true,"href":"https:\/\/mil-et-zim.fr\/index.php\/wp-json\/wp\/v2\/product_cat?post=10977"},{"taxonomy":"product_tag","embeddable":true,"href":"https:\/\/mil-et-zim.fr\/index.php\/wp-json\/wp\/v2\/product_tag?post=10977"}],"curies":[{"name":"wp","href":"https:\/\/api.w.org\/{rel}","templated":true}]}}