{"id":10979,"date":"2021-10-30T12:17:24","date_gmt":"2021-10-30T10:17:24","guid":{"rendered":"http:\/\/mil-et-zim.fr\/?post_type=product&#038;p=10979"},"modified":"2022-12-19T19:44:42","modified_gmt":"2022-12-19T18:44:42","slug":"cairanne-domaine-richaud-rouge-2018-75-cl","status":"publish","type":"product","link":"https:\/\/mil-et-zim.fr\/index.php\/product\/cairanne-domaine-richaud-rouge-2018-75-cl\/","title":{"rendered":"CAIRANNE-DOMAINE RICHAUD-ROUGE-2018-75 CL"},"content":{"rendered":"<p>Un nez flatteur et complexe, qui r\u00e9v\u00e8le des ar\u00f4mes de pruneaux, de cacao, de cerises noires et d&#8217;\u00e9pices. La bouche est tr\u00e8s d\u00e9licate au d\u00e9but, tandis que la finale est puissante et structur\u00e9e. On garde une sensation soyeuse aux parfums de m\u00fbr et d&#8217;\u00e9pices.\u00a0Le tout dans un style tr\u00e8s soign\u00e9e et fin et sans SO2 (sulfites) ajout\u00e9 !<\/p>\n<p>C\u00e9pages : Grenache 50%, Mourv\u00e8dre 25%, Syrah 10%, Carignan 5%, Counoise 5% et Cinsault 5%<\/p>\n","protected":false},"excerpt":{"rendered":"<p>Un vin puissant et complexe, au style soign\u00e9 et fin.<\/p>\n","protected":false},"featured_media":11063,"comment_status":"open","ping_status":"closed","template":"","meta":[],"product_cat":[176,136],"product_tag":[147],"_links":{"self":[{"href":"https:\/\/mil-et-zim.fr\/index.php\/wp-json\/wp\/v2\/product\/10979"}],"collection":[{"href":"https:\/\/mil-et-zim.fr\/index.php\/wp-json\/wp\/v2\/product"}],"about":[{"href":"https:\/\/mil-et-zim.fr\/index.php\/wp-json\/wp\/v2\/types\/product"}],"replies":[{"embeddable":true,"href":"https:\/\/mil-et-zim.fr\/index.php\/wp-json\/wp\/v2\/comments?post=10979"}],"wp:featuredmedia":[{"embeddable":true,"href":"https:\/\/mil-et-zim.fr\/index.php\/wp-json\/wp\/v2\/media\/11063"}],"wp:attachment":[{"href":"https:\/\/mil-et-zim.fr\/index.php\/wp-json\/wp\/v2\/media?parent=10979"}],"wp:term":[{"taxonomy":"product_cat","embeddable":true,"href":"https:\/\/mil-et-zim.fr\/index.php\/wp-json\/wp\/v2\/product_cat?post=10979"},{"taxonomy":"product_tag","embeddable":true,"href":"https:\/\/mil-et-zim.fr\/index.php\/wp-json\/wp\/v2\/product_tag?post=10979"}],"curies":[{"name":"wp","href":"https:\/\/api.w.org\/{rel}","templated":true}]}}