{"id":10991,"date":"2021-11-21T15:15:36","date_gmt":"2021-11-21T14:15:36","guid":{"rendered":"http:\/\/mil-et-zim.fr\/?post_type=product&#038;p=10991"},"modified":"2022-12-19T19:42:41","modified_gmt":"2022-12-19T18:42:41","slug":"chateauneuf-du-pape-domaine-vieux-telegraphe-telegramme-rouge-2018-75cl","status":"publish","type":"product","link":"https:\/\/mil-et-zim.fr\/index.php\/product\/chateauneuf-du-pape-domaine-vieux-telegraphe-telegramme-rouge-2018-75cl\/","title":{"rendered":"CHATEAUNEUF-DU-PAPE-DOMAINE VIEUX TELEGRAPHE-TELEGRAMME-ROUGE-2018-75CL***"},"content":{"rendered":"<p>La cuv\u00e9e T\u00e9l\u00e9gramme est principalement obtenue \u00e0 partir des vignes de moins de 30 ans. Le vin repose d&#8217;abord 10 mois en cuve, pour \u00eatre ensuite \u00e9lev\u00e9 en foudres de ch\u00eane fran\u00e7ais pendant 7 mois. La dominance du c\u00e9page Grenache apporte beaucoup de souplesse et de rondeur \u00e0 cette cuv\u00e9e.<\/p>\n","protected":false},"excerpt":{"rendered":"<p>Afin d&#8217;appr\u00e9cier tout son fruit et sa fra\u00eecheur, pr\u00e9f\u00e9rez-le dans sa jeunesse et accompagnez-le pourquoi pas d&#8217;un carr\u00e9 de veau \u00e0 la proven\u00e7ale.<\/p>\n","protected":false},"featured_media":11210,"comment_status":"open","ping_status":"closed","template":"","meta":[],"product_cat":[176,136],"product_tag":[147],"_links":{"self":[{"href":"https:\/\/mil-et-zim.fr\/index.php\/wp-json\/wp\/v2\/product\/10991"}],"collection":[{"href":"https:\/\/mil-et-zim.fr\/index.php\/wp-json\/wp\/v2\/product"}],"about":[{"href":"https:\/\/mil-et-zim.fr\/index.php\/wp-json\/wp\/v2\/types\/product"}],"replies":[{"embeddable":true,"href":"https:\/\/mil-et-zim.fr\/index.php\/wp-json\/wp\/v2\/comments?post=10991"}],"wp:featuredmedia":[{"embeddable":true,"href":"https:\/\/mil-et-zim.fr\/index.php\/wp-json\/wp\/v2\/media\/11210"}],"wp:attachment":[{"href":"https:\/\/mil-et-zim.fr\/index.php\/wp-json\/wp\/v2\/media?parent=10991"}],"wp:term":[{"taxonomy":"product_cat","embeddable":true,"href":"https:\/\/mil-et-zim.fr\/index.php\/wp-json\/wp\/v2\/product_cat?post=10991"},{"taxonomy":"product_tag","embeddable":true,"href":"https:\/\/mil-et-zim.fr\/index.php\/wp-json\/wp\/v2\/product_tag?post=10991"}],"curies":[{"name":"wp","href":"https:\/\/api.w.org\/{rel}","templated":true}]}}