{"id":10995,"date":"2021-11-21T15:47:13","date_gmt":"2021-11-21T14:47:13","guid":{"rendered":"http:\/\/mil-et-zim.fr\/?post_type=product&#038;p=10995"},"modified":"2022-12-19T19:40:57","modified_gmt":"2022-12-19T18:40:57","slug":"champagne-mathieu-nicolas-1629-blanc-75cl","status":"publish","type":"product","link":"https:\/\/mil-et-zim.fr\/index.php\/product\/champagne-mathieu-nicolas-1629-blanc-75cl\/","title":{"rendered":"CHAMPAGNE-MATHIEU NICOLAS-1629-BLANC-75CL"},"content":{"rendered":"<p>Ce\u00a0<strong>Champagne<\/strong> nous s\u00e9duit d&#8217;abord gr\u00e2ce \u00e0 ses ar\u00f4mes de fruits, m\u00eal\u00e9s \u00e0 une pointe de fra\u00eecheur (<em>chlorophylle<\/em>). En bouche on d\u00e9couvre des bulles fines, de la vivacit\u00e9 et de la gourmandise (<em>p\u00eache, notes pralin\u00e9es<\/em>) et surtout une belle persistance aromatique l\u00e9g\u00e8rement citronn\u00e9e. &#8230;\u00a0<em>Un beau\u00a0<\/em><strong>Champagne<\/strong><em>\u00a0gourmand, s\u00e9ducteur et festif<\/em>\u00a0!<\/p>\n<p>C\u00e9pages : 61% Pinot Meunier 26% Pinot noir 13% Chardonnay<\/p>\n<table id=\"product-attribute-specs-table\" class=\"data table additional-attributes\">\n<tbody>\n<tr>\n<td class=\"col data\" data-th=\"C\u00e9page(s)\"><\/td>\n<\/tr>\n<\/tbody>\n<\/table>\n","protected":false},"excerpt":{"rendered":"<p>Ce Champagne est ind\u00e9niablement un compagnon de l&#8217;ap\u00e9ritif ! Vous pouvez aussi accompagner sa d\u00e9licate effervescence avec un poisson blanc et une sauce cr\u00e9meuse au citron.<\/p>\n","protected":false},"featured_media":11209,"comment_status":"open","ping_status":"closed","template":"","meta":[],"product_cat":[177,139],"product_tag":[153],"_links":{"self":[{"href":"https:\/\/mil-et-zim.fr\/index.php\/wp-json\/wp\/v2\/product\/10995"}],"collection":[{"href":"https:\/\/mil-et-zim.fr\/index.php\/wp-json\/wp\/v2\/product"}],"about":[{"href":"https:\/\/mil-et-zim.fr\/index.php\/wp-json\/wp\/v2\/types\/product"}],"replies":[{"embeddable":true,"href":"https:\/\/mil-et-zim.fr\/index.php\/wp-json\/wp\/v2\/comments?post=10995"}],"wp:featuredmedia":[{"embeddable":true,"href":"https:\/\/mil-et-zim.fr\/index.php\/wp-json\/wp\/v2\/media\/11209"}],"wp:attachment":[{"href":"https:\/\/mil-et-zim.fr\/index.php\/wp-json\/wp\/v2\/media?parent=10995"}],"wp:term":[{"taxonomy":"product_cat","embeddable":true,"href":"https:\/\/mil-et-zim.fr\/index.php\/wp-json\/wp\/v2\/product_cat?post=10995"},{"taxonomy":"product_tag","embeddable":true,"href":"https:\/\/mil-et-zim.fr\/index.php\/wp-json\/wp\/v2\/product_tag?post=10995"}],"curies":[{"name":"wp","href":"https:\/\/api.w.org\/{rel}","templated":true}]}}