{"id":10999,"date":"2021-11-23T17:29:00","date_gmt":"2021-11-23T16:29:00","guid":{"rendered":"http:\/\/mil-et-zim.fr\/?post_type=product&#038;p=10999"},"modified":"2022-12-19T19:40:22","modified_gmt":"2022-12-19T18:40:22","slug":"anjou-chenin-blanc-flor-de-pierre-renouard","status":"publish","type":"product","link":"https:\/\/mil-et-zim.fr\/index.php\/product\/anjou-chenin-blanc-flor-de-pierre-renouard\/","title":{"rendered":"ANJOU- Chenin blanc &#8221; flor de Pierre&#8221; Renouard 75 cl"},"content":{"rendered":"<p>Raisins de Chenin de Loire issus de terrasses de schistes et de gr\u00e8s. Vieillissement en f\u00fbts de ch\u00eanes Fran\u00e7ais de 6 \u00e0 12 mois.<\/p>\n<p>Robe jaune intense, puissance aromatique complexe sur des notes exotiques avec une final droite.<\/p>\n<p>&nbsp;<\/p>\n","protected":false},"excerpt":{"rendered":"<p>Un Chenin tout en richesse, id\u00e9ale sur des volailles, des viandes blanches, des poissons grill\u00e9s et des fromages vieillis.<\/p>\n","protected":false},"featured_media":11000,"comment_status":"open","ping_status":"closed","template":"","meta":[],"product_cat":[173,138],"product_tag":[146],"_links":{"self":[{"href":"https:\/\/mil-et-zim.fr\/index.php\/wp-json\/wp\/v2\/product\/10999"}],"collection":[{"href":"https:\/\/mil-et-zim.fr\/index.php\/wp-json\/wp\/v2\/product"}],"about":[{"href":"https:\/\/mil-et-zim.fr\/index.php\/wp-json\/wp\/v2\/types\/product"}],"replies":[{"embeddable":true,"href":"https:\/\/mil-et-zim.fr\/index.php\/wp-json\/wp\/v2\/comments?post=10999"}],"wp:featuredmedia":[{"embeddable":true,"href":"https:\/\/mil-et-zim.fr\/index.php\/wp-json\/wp\/v2\/media\/11000"}],"wp:attachment":[{"href":"https:\/\/mil-et-zim.fr\/index.php\/wp-json\/wp\/v2\/media?parent=10999"}],"wp:term":[{"taxonomy":"product_cat","embeddable":true,"href":"https:\/\/mil-et-zim.fr\/index.php\/wp-json\/wp\/v2\/product_cat?post=10999"},{"taxonomy":"product_tag","embeddable":true,"href":"https:\/\/mil-et-zim.fr\/index.php\/wp-json\/wp\/v2\/product_tag?post=10999"}],"curies":[{"name":"wp","href":"https:\/\/api.w.org\/{rel}","templated":true}]}}