{"id":11002,"date":"2021-11-23T17:43:11","date_gmt":"2021-11-23T16:43:11","guid":{"rendered":"http:\/\/mil-et-zim.fr\/?post_type=product&#038;p=11002"},"modified":"2022-12-19T19:39:54","modified_gmt":"2022-12-19T18:39:54","slug":"muscadet-sevre-et-maine-la-bretonniere-75cl","status":"publish","type":"product","link":"https:\/\/mil-et-zim.fr\/index.php\/product\/muscadet-sevre-et-maine-la-bretonniere-75cl\/","title":{"rendered":"MUSCADET S\u00e8vre et Maine- LA BRETONNIERE &#8211; 75CL"},"content":{"rendered":"<p>C\u00e9page : Melon de Bourgogne<br \/>\nTerroir\/sol : Sablo-limoneux sur Granite<br \/>\nVinifications : Vendanges juste \u00e0 la pleine maturit\u00e9 pour garder la typicit\u00e9 et la fra\u00eecheur. Fermentations et \u00e9levage sur lie pendant 6 mois.<br \/>\nAges des vignes : 10 \u00e0 40 ans<br \/>\nRendement : 55 Hl<\/p>\n","protected":false},"excerpt":{"rendered":"<h4 class=\"mkdf-st-text\">Le domaine de la Bretonni\u00e8re propose un Gros-Plant et 6 Muscadet, avec des caract\u00e9ristiques \u0153nologiques et organoleptiques propres \u00e0 chacun. Les parcelles sont vinifi\u00e9es ind\u00e9pendamment les unes des autres. Ainsi, lors des p\u00e9riodes d\u2019assemblage, chaque cuv\u00e9e peut apporter sa typicit\u00e9.<\/h4>\n","protected":false},"featured_media":11208,"comment_status":"open","ping_status":"closed","template":"","meta":[],"product_cat":[173,138],"product_tag":[146],"_links":{"self":[{"href":"https:\/\/mil-et-zim.fr\/index.php\/wp-json\/wp\/v2\/product\/11002"}],"collection":[{"href":"https:\/\/mil-et-zim.fr\/index.php\/wp-json\/wp\/v2\/product"}],"about":[{"href":"https:\/\/mil-et-zim.fr\/index.php\/wp-json\/wp\/v2\/types\/product"}],"replies":[{"embeddable":true,"href":"https:\/\/mil-et-zim.fr\/index.php\/wp-json\/wp\/v2\/comments?post=11002"}],"wp:featuredmedia":[{"embeddable":true,"href":"https:\/\/mil-et-zim.fr\/index.php\/wp-json\/wp\/v2\/media\/11208"}],"wp:attachment":[{"href":"https:\/\/mil-et-zim.fr\/index.php\/wp-json\/wp\/v2\/media?parent=11002"}],"wp:term":[{"taxonomy":"product_cat","embeddable":true,"href":"https:\/\/mil-et-zim.fr\/index.php\/wp-json\/wp\/v2\/product_cat?post=11002"},{"taxonomy":"product_tag","embeddable":true,"href":"https:\/\/mil-et-zim.fr\/index.php\/wp-json\/wp\/v2\/product_tag?post=11002"}],"curies":[{"name":"wp","href":"https:\/\/api.w.org\/{rel}","templated":true}]}}