{"id":11004,"date":"2021-11-23T18:17:47","date_gmt":"2021-11-23T17:17:47","guid":{"rendered":"http:\/\/mil-et-zim.fr\/?post_type=product&#038;p=11004"},"modified":"2022-12-20T00:39:50","modified_gmt":"2022-12-19T23:39:50","slug":"chinon-bl-dne-de-la-mariniere-2019-75cl","status":"publish","type":"product","link":"https:\/\/mil-et-zim.fr\/index.php\/product\/chinon-bl-dne-de-la-mariniere-2019-75cl\/","title":{"rendered":"CHINON -Blanc Bec-Domaine de la Marini\u00e8re- 75CL"},"content":{"rendered":"<p class=\"cepage\"><b>100% Chenin<\/b><\/p>\n<p>Robe jaune p\u00e2le aux reflets or blanc. Belle expression aromatique avec beaucoup de rondeur et des ar\u00f4mes de fleurs blanches. La bouche trouve un bel \u00e9quilibre entre la fra\u00eecheur, la rondeur, et le fruit\u00e9. La finale\u00a0 rappelle de l\u00e9g\u00e8res notes d\u2019agrumes.<\/p>\n","protected":false},"excerpt":{"rendered":"<p class=\"cepage\"><b>100% chenin<\/b><\/p>\n<p>A boire dans les 3 \u2013 4 ans. Les jeunes vignes apportent fra\u00eecheur et fruit\u00e9, tandis que les vieilles vignes donnent de la pl\u00e9nitude et du corps qui \u00e9quilibrent l\u2019ensemble.<\/p>\n","protected":false},"featured_media":14129,"comment_status":"open","ping_status":"closed","template":"","meta":[],"product_cat":[173,138],"product_tag":[146],"_links":{"self":[{"href":"https:\/\/mil-et-zim.fr\/index.php\/wp-json\/wp\/v2\/product\/11004"}],"collection":[{"href":"https:\/\/mil-et-zim.fr\/index.php\/wp-json\/wp\/v2\/product"}],"about":[{"href":"https:\/\/mil-et-zim.fr\/index.php\/wp-json\/wp\/v2\/types\/product"}],"replies":[{"embeddable":true,"href":"https:\/\/mil-et-zim.fr\/index.php\/wp-json\/wp\/v2\/comments?post=11004"}],"wp:featuredmedia":[{"embeddable":true,"href":"https:\/\/mil-et-zim.fr\/index.php\/wp-json\/wp\/v2\/media\/14129"}],"wp:attachment":[{"href":"https:\/\/mil-et-zim.fr\/index.php\/wp-json\/wp\/v2\/media?parent=11004"}],"wp:term":[{"taxonomy":"product_cat","embeddable":true,"href":"https:\/\/mil-et-zim.fr\/index.php\/wp-json\/wp\/v2\/product_cat?post=11004"},{"taxonomy":"product_tag","embeddable":true,"href":"https:\/\/mil-et-zim.fr\/index.php\/wp-json\/wp\/v2\/product_tag?post=11004"}],"curies":[{"name":"wp","href":"https:\/\/api.w.org\/{rel}","templated":true}]}}