{"id":11005,"date":"2021-11-23T18:25:06","date_gmt":"2021-11-23T17:25:06","guid":{"rendered":"http:\/\/mil-et-zim.fr\/?post_type=product&#038;p=11005"},"modified":"2022-12-19T19:33:03","modified_gmt":"2022-12-19T18:33:03","slug":"cheverny-blanc-domaine-sauger-75cl","status":"publish","type":"product","link":"https:\/\/mil-et-zim.fr\/index.php\/product\/cheverny-blanc-domaine-sauger-75cl\/","title":{"rendered":"CHEVERNY BLANC &#8211; DOMAINE SAUGER  &#8211; 75CL"},"content":{"rendered":"<p>Vins vifs et fins. Ils sont issus d&#8217;un assemblage de Sauvignon blanc 80%, qui s&#8217;exprime parfaitement sur ce terroir, en d\u00e9gageant toute sa puissance aromatique, et de Chardonnay 20%, qui renforce l&#8217;\u00e9l\u00e9gance.<\/p>\n","protected":false},"excerpt":{"rendered":"<p class=\"font_8\">Compagnon id\u00e9al des fruits de mer, crustac\u00e9s, poisson froid ou en sauce.<\/p>\n<p class=\"font_8\">Servir \u00e0 8-10\u00b0c. A boire jeune, dans les 2-3 ans<\/p>\n","protected":false},"featured_media":11206,"comment_status":"open","ping_status":"closed","template":"","meta":[],"product_cat":[173,138],"product_tag":[146],"_links":{"self":[{"href":"https:\/\/mil-et-zim.fr\/index.php\/wp-json\/wp\/v2\/product\/11005"}],"collection":[{"href":"https:\/\/mil-et-zim.fr\/index.php\/wp-json\/wp\/v2\/product"}],"about":[{"href":"https:\/\/mil-et-zim.fr\/index.php\/wp-json\/wp\/v2\/types\/product"}],"replies":[{"embeddable":true,"href":"https:\/\/mil-et-zim.fr\/index.php\/wp-json\/wp\/v2\/comments?post=11005"}],"wp:featuredmedia":[{"embeddable":true,"href":"https:\/\/mil-et-zim.fr\/index.php\/wp-json\/wp\/v2\/media\/11206"}],"wp:attachment":[{"href":"https:\/\/mil-et-zim.fr\/index.php\/wp-json\/wp\/v2\/media?parent=11005"}],"wp:term":[{"taxonomy":"product_cat","embeddable":true,"href":"https:\/\/mil-et-zim.fr\/index.php\/wp-json\/wp\/v2\/product_cat?post=11005"},{"taxonomy":"product_tag","embeddable":true,"href":"https:\/\/mil-et-zim.fr\/index.php\/wp-json\/wp\/v2\/product_tag?post=11005"}],"curies":[{"name":"wp","href":"https:\/\/api.w.org\/{rel}","templated":true}]}}