{"id":11007,"date":"2021-11-23T18:35:50","date_gmt":"2021-11-23T17:35:50","guid":{"rendered":"http:\/\/mil-et-zim.fr\/?post_type=product&#038;p=11007"},"modified":"2022-12-19T19:31:34","modified_gmt":"2022-12-19T18:31:34","slug":"cheverny-rouge-domaine-sauger-75cl","status":"publish","type":"product","link":"https:\/\/mil-et-zim.fr\/index.php\/product\/cheverny-rouge-domaine-sauger-75cl\/","title":{"rendered":"CHEVERNY ROUGE &#8211; DOMAINE SAUGER  &#8211; 75CL"},"content":{"rendered":"<h2 class=\"font_2\"><span class=\"color_14\">issus du mariage entre le Gamay 25%, qui apporte fra\u00eecheur et\u00a0 une \u00e2me\u00a0 gouleyante, le Pinot Noir 70%, qui am\u00e8ne finesse et subtilit\u00e9, et un c\u00e9page compl\u00e9mentaire, le C\u00f4t (Malbec) 5%<\/span><\/h2>\n","protected":false},"excerpt":{"rendered":"<p class=\"font_8\">Accompagne parfaitement les salades compos\u00e9es, les grillades, les viandes blanches et le fromage.<\/p>\n<p class=\"font_8\">Servir \u00e0 15-16\u00b0c. A boire jeune, dans les 2-3 ans<\/p>\n","protected":false},"featured_media":11060,"comment_status":"open","ping_status":"closed","template":"","meta":[],"product_cat":[173,136],"product_tag":[146],"_links":{"self":[{"href":"https:\/\/mil-et-zim.fr\/index.php\/wp-json\/wp\/v2\/product\/11007"}],"collection":[{"href":"https:\/\/mil-et-zim.fr\/index.php\/wp-json\/wp\/v2\/product"}],"about":[{"href":"https:\/\/mil-et-zim.fr\/index.php\/wp-json\/wp\/v2\/types\/product"}],"replies":[{"embeddable":true,"href":"https:\/\/mil-et-zim.fr\/index.php\/wp-json\/wp\/v2\/comments?post=11007"}],"wp:featuredmedia":[{"embeddable":true,"href":"https:\/\/mil-et-zim.fr\/index.php\/wp-json\/wp\/v2\/media\/11060"}],"wp:attachment":[{"href":"https:\/\/mil-et-zim.fr\/index.php\/wp-json\/wp\/v2\/media?parent=11007"}],"wp:term":[{"taxonomy":"product_cat","embeddable":true,"href":"https:\/\/mil-et-zim.fr\/index.php\/wp-json\/wp\/v2\/product_cat?post=11007"},{"taxonomy":"product_tag","embeddable":true,"href":"https:\/\/mil-et-zim.fr\/index.php\/wp-json\/wp\/v2\/product_tag?post=11007"}],"curies":[{"name":"wp","href":"https:\/\/api.w.org\/{rel}","templated":true}]}}