{"id":11009,"date":"2021-11-23T18:49:40","date_gmt":"2021-11-23T17:49:40","guid":{"rendered":"http:\/\/mil-et-zim.fr\/?post_type=product&#038;p=11009"},"modified":"2022-12-19T19:32:08","modified_gmt":"2022-12-19T18:32:08","slug":"saumur-champigny-clos-maurice-voltige-des-clos-75-cl","status":"publish","type":"product","link":"https:\/\/mil-et-zim.fr\/index.php\/product\/saumur-champigny-clos-maurice-voltige-des-clos-75-cl\/","title":{"rendered":"SAUMUR-CHAMPIGNY &#8211; CLOS MAURICE &#8220;voltige des clos&#8221;  &#8211; 75 CL"},"content":{"rendered":"<p>Un nom a\u00e9rien pour une cuv\u00e9e qui ne l\u2019est pas moins. Issu du c\u00e9page Cabernet franc \u00e0 100%, ce vin provient de terroirs argilo-calcaires, assemblage de plusieurs terrains souvent enclos et d\u2019une moyenne d\u2019\u00e2ge de 40 ans&#8230;.<\/p>\n<p>Produit phare du domaine, la Voltige des Clos est un produit f\u00e9minin, fruit\u00e9 (cassis, framboise), \u00e9l\u00e9gant, d\u2019un rouge profond aux reflets rubis. Il vous \u00e9tonnera par sa rondeur et son \u00e9quilibre. Les tannins bien pr\u00e9sents sont de belle qualit\u00e9 et tr\u00e8s soyeux et velout\u00e9 en bouche. A boire\u00a0 dans les 2 \u00e0 4 ans. Ce vin est \u00e0 l\u2019image m\u00eame du vin de plaisir.<\/p>\n","protected":false},"excerpt":{"rendered":"<p>Le propre de ce Saumur Champigny est justement de pouvoir accompagner presque tous les mets que vous mettrez \u00e0 ses c\u00f4t\u00e9s.<\/p>\n","protected":false},"featured_media":11010,"comment_status":"open","ping_status":"closed","template":"","meta":[],"product_cat":[173,140,136],"product_tag":[146],"_links":{"self":[{"href":"https:\/\/mil-et-zim.fr\/index.php\/wp-json\/wp\/v2\/product\/11009"}],"collection":[{"href":"https:\/\/mil-et-zim.fr\/index.php\/wp-json\/wp\/v2\/product"}],"about":[{"href":"https:\/\/mil-et-zim.fr\/index.php\/wp-json\/wp\/v2\/types\/product"}],"replies":[{"embeddable":true,"href":"https:\/\/mil-et-zim.fr\/index.php\/wp-json\/wp\/v2\/comments?post=11009"}],"wp:featuredmedia":[{"embeddable":true,"href":"https:\/\/mil-et-zim.fr\/index.php\/wp-json\/wp\/v2\/media\/11010"}],"wp:attachment":[{"href":"https:\/\/mil-et-zim.fr\/index.php\/wp-json\/wp\/v2\/media?parent=11009"}],"wp:term":[{"taxonomy":"product_cat","embeddable":true,"href":"https:\/\/mil-et-zim.fr\/index.php\/wp-json\/wp\/v2\/product_cat?post=11009"},{"taxonomy":"product_tag","embeddable":true,"href":"https:\/\/mil-et-zim.fr\/index.php\/wp-json\/wp\/v2\/product_tag?post=11009"}],"curies":[{"name":"wp","href":"https:\/\/api.w.org\/{rel}","templated":true}]}}