{"id":11012,"date":"2021-11-23T19:03:27","date_gmt":"2021-11-23T18:03:27","guid":{"rendered":"http:\/\/mil-et-zim.fr\/?post_type=product&#038;p=11012"},"modified":"2022-12-19T19:29:43","modified_gmt":"2022-12-19T18:29:43","slug":"cotes-de-provence-rouge-les-caprice-de-clementine-2019-75cl","status":"publish","type":"product","link":"https:\/\/mil-et-zim.fr\/index.php\/product\/cotes-de-provence-rouge-les-caprice-de-clementine-2019-75cl\/","title":{"rendered":"COTES DE PROVENCE ROUGE &#8211; LES CAPRICE DE CLEMENTINE 2019 &#8211; 75CL"},"content":{"rendered":"<p>le Caprice de Cl\u00e9mentine d\u00e9veloppe des<br \/>\nar\u00f4mes tr\u00e8s frais de fruits; les rouges peuvent se<br \/>\nboire l\u00e9g\u00e8rement rafra\u00eechis et les ros\u00e9s ont le<br \/>\ncharme des vins de soif, \u00e9quilibr\u00e9s et soyeux, des<br \/>\nvins de redemande. Les blancs sont francs et<br \/>\nparfum\u00e9s, ils font d&#8217;excellents vins d&#8217;entr\u00e9e de<br \/>\nrepas.<br \/>\nC\u00e9pages: Syrah, grenache et carignan.<\/p>\n","protected":false},"excerpt":{"rendered":"<p>Cette cuv\u00e9e d\u00e9veloppe des ar\u00f4mes tr\u00e8s frais de fruits rouges et noirs. Elle peut se d\u00e9guster l\u00e9g\u00e8rement rafra\u00eechie. Compagnon des soir\u00e9es d\u2019\u00e9t\u00e9 autour d\u2019un carr\u00e9 d\u2019agneau au four ou de c\u00f4tes d\u2019agneau grill\u00e9es au thym.<\/p>\n<p>&nbsp;<\/p>\n","protected":false},"featured_media":11205,"comment_status":"open","ping_status":"closed","template":"","meta":[],"product_cat":[176,136],"product_tag":[154],"_links":{"self":[{"href":"https:\/\/mil-et-zim.fr\/index.php\/wp-json\/wp\/v2\/product\/11012"}],"collection":[{"href":"https:\/\/mil-et-zim.fr\/index.php\/wp-json\/wp\/v2\/product"}],"about":[{"href":"https:\/\/mil-et-zim.fr\/index.php\/wp-json\/wp\/v2\/types\/product"}],"replies":[{"embeddable":true,"href":"https:\/\/mil-et-zim.fr\/index.php\/wp-json\/wp\/v2\/comments?post=11012"}],"wp:featuredmedia":[{"embeddable":true,"href":"https:\/\/mil-et-zim.fr\/index.php\/wp-json\/wp\/v2\/media\/11205"}],"wp:attachment":[{"href":"https:\/\/mil-et-zim.fr\/index.php\/wp-json\/wp\/v2\/media?parent=11012"}],"wp:term":[{"taxonomy":"product_cat","embeddable":true,"href":"https:\/\/mil-et-zim.fr\/index.php\/wp-json\/wp\/v2\/product_cat?post=11012"},{"taxonomy":"product_tag","embeddable":true,"href":"https:\/\/mil-et-zim.fr\/index.php\/wp-json\/wp\/v2\/product_tag?post=11012"}],"curies":[{"name":"wp","href":"https:\/\/api.w.org\/{rel}","templated":true}]}}