{"id":11016,"date":"2021-11-23T19:30:36","date_gmt":"2021-11-23T18:30:36","guid":{"rendered":"http:\/\/mil-et-zim.fr\/?post_type=product&#038;p=11016"},"modified":"2022-12-20T00:29:23","modified_gmt":"2022-12-19T23:29:23","slug":"villa-dria-fleurs-des-fees-rose-75cl","status":"publish","type":"product","link":"https:\/\/mil-et-zim.fr\/index.php\/product\/villa-dria-fleurs-des-fees-rose-75cl\/","title":{"rendered":"IGP Gascogne &#8211; Fleurs des f\u00e9es &#8211; VILLA DRIA &#8211; 75CL"},"content":{"rendered":"<p>Ce vin ros\u00e9 \u00e0 la robe brillante de couleur rose p\u00e2le offre un nez d\u00e9licieusement frais, fruit\u00e9 et gourmand.<br \/>\nUn vin l\u00e9ger et \u00e9quilibr\u00e9 \u00e0 partager en famille ou entre amis.<\/p>\n<p>Merlot et Cabernet<\/p>\n","protected":false},"excerpt":{"rendered":"<p>\u00c0 d\u00e9guster tr\u00e8s frais (10\u00b0-12\u00b0) et dans sa jeunesse \u00e0 l&#8217;ap\u00e9ritif, sur une cuisine d&#8217;\u00e9t\u00e9, lors<br \/>\nd&#8217;un barbecue.<\/p>\n","protected":false},"featured_media":14127,"comment_status":"open","ping_status":"closed","template":"","meta":[],"product_cat":[171,149,137],"product_tag":[155],"_links":{"self":[{"href":"https:\/\/mil-et-zim.fr\/index.php\/wp-json\/wp\/v2\/product\/11016"}],"collection":[{"href":"https:\/\/mil-et-zim.fr\/index.php\/wp-json\/wp\/v2\/product"}],"about":[{"href":"https:\/\/mil-et-zim.fr\/index.php\/wp-json\/wp\/v2\/types\/product"}],"replies":[{"embeddable":true,"href":"https:\/\/mil-et-zim.fr\/index.php\/wp-json\/wp\/v2\/comments?post=11016"}],"wp:featuredmedia":[{"embeddable":true,"href":"https:\/\/mil-et-zim.fr\/index.php\/wp-json\/wp\/v2\/media\/14127"}],"wp:attachment":[{"href":"https:\/\/mil-et-zim.fr\/index.php\/wp-json\/wp\/v2\/media?parent=11016"}],"wp:term":[{"taxonomy":"product_cat","embeddable":true,"href":"https:\/\/mil-et-zim.fr\/index.php\/wp-json\/wp\/v2\/product_cat?post=11016"},{"taxonomy":"product_tag","embeddable":true,"href":"https:\/\/mil-et-zim.fr\/index.php\/wp-json\/wp\/v2\/product_tag?post=11016"}],"curies":[{"name":"wp","href":"https:\/\/api.w.org\/{rel}","templated":true}]}}