{"id":11018,"date":"2021-11-23T19:40:08","date_gmt":"2021-11-23T18:40:08","guid":{"rendered":"http:\/\/mil-et-zim.fr\/?post_type=product&#038;p=11018"},"modified":"2022-12-20T00:37:08","modified_gmt":"2022-12-19T23:37:08","slug":"villa-dria-cote-sauvage-75cl","status":"publish","type":"product","link":"https:\/\/mil-et-zim.fr\/index.php\/product\/villa-dria-cote-sauvage-75cl\/","title":{"rendered":"IGP Gascogne C\u00f4te sauvage- VILLA DRIA &#8211; 75CL"},"content":{"rendered":"<p>Un vin parfait \u00e0 d\u00e9guster entre amis \u00e0 l&#8217;ap\u00e9ritif ou sur une cuisine exotique. On aime le c\u00f4t\u00e9 charmeur du Manseng et ses subtiles notes exotique.<\/p>\n<p>C\u00e9pages : petit et gros manseng<\/p>\n","protected":false},"excerpt":{"rendered":"<p>Un r\u00e9gal \u00e0 l&#8217;ap\u00e9ritif ou tout simplement \u00e0 partager entre amis.<\/p>\n","protected":false},"featured_media":14128,"comment_status":"open","ping_status":"closed","template":"","meta":[],"product_cat":[171,149,138],"product_tag":[155],"_links":{"self":[{"href":"https:\/\/mil-et-zim.fr\/index.php\/wp-json\/wp\/v2\/product\/11018"}],"collection":[{"href":"https:\/\/mil-et-zim.fr\/index.php\/wp-json\/wp\/v2\/product"}],"about":[{"href":"https:\/\/mil-et-zim.fr\/index.php\/wp-json\/wp\/v2\/types\/product"}],"replies":[{"embeddable":true,"href":"https:\/\/mil-et-zim.fr\/index.php\/wp-json\/wp\/v2\/comments?post=11018"}],"wp:featuredmedia":[{"embeddable":true,"href":"https:\/\/mil-et-zim.fr\/index.php\/wp-json\/wp\/v2\/media\/14128"}],"wp:attachment":[{"href":"https:\/\/mil-et-zim.fr\/index.php\/wp-json\/wp\/v2\/media?parent=11018"}],"wp:term":[{"taxonomy":"product_cat","embeddable":true,"href":"https:\/\/mil-et-zim.fr\/index.php\/wp-json\/wp\/v2\/product_cat?post=11018"},{"taxonomy":"product_tag","embeddable":true,"href":"https:\/\/mil-et-zim.fr\/index.php\/wp-json\/wp\/v2\/product_tag?post=11018"}],"curies":[{"name":"wp","href":"https:\/\/api.w.org\/{rel}","templated":true}]}}