{"id":11020,"date":"2021-11-23T19:46:45","date_gmt":"2021-11-23T18:46:45","guid":{"rendered":"http:\/\/mil-et-zim.fr\/?post_type=product&#038;p=11020"},"modified":"2022-12-19T20:37:16","modified_gmt":"2022-12-19T19:37:16","slug":"villa-dria-jardin-secret-75-cl","status":"publish","type":"product","link":"https:\/\/mil-et-zim.fr\/index.php\/product\/villa-dria-jardin-secret-75-cl\/","title":{"rendered":"IGP Gascogne &#8211; Jardin secret VILLA DRIA &#8211; 75 CL"},"content":{"rendered":"<p>Ce vin blanc moelleux \u00e0 la robe jaune dor\u00e9 offre un nez d&#8217;agrumes et de raisins frais. Un vin frais, \u00e9l\u00e9gant et typ\u00e9. Le caract\u00e8re est exotique et gourmand. Une belle fra\u00eecheur qui dynamise l&#8217;ensemble<\/p>\n<p>C\u00e9pages : petit et gros manseng<\/p>\n","protected":false},"excerpt":{"rendered":"<p>Moelleux, exotique et gourmand<\/p>\n","protected":false},"featured_media":14122,"comment_status":"open","ping_status":"closed","template":"","meta":[],"product_cat":[171,138],"product_tag":[155],"_links":{"self":[{"href":"https:\/\/mil-et-zim.fr\/index.php\/wp-json\/wp\/v2\/product\/11020"}],"collection":[{"href":"https:\/\/mil-et-zim.fr\/index.php\/wp-json\/wp\/v2\/product"}],"about":[{"href":"https:\/\/mil-et-zim.fr\/index.php\/wp-json\/wp\/v2\/types\/product"}],"replies":[{"embeddable":true,"href":"https:\/\/mil-et-zim.fr\/index.php\/wp-json\/wp\/v2\/comments?post=11020"}],"wp:featuredmedia":[{"embeddable":true,"href":"https:\/\/mil-et-zim.fr\/index.php\/wp-json\/wp\/v2\/media\/14122"}],"wp:attachment":[{"href":"https:\/\/mil-et-zim.fr\/index.php\/wp-json\/wp\/v2\/media?parent=11020"}],"wp:term":[{"taxonomy":"product_cat","embeddable":true,"href":"https:\/\/mil-et-zim.fr\/index.php\/wp-json\/wp\/v2\/product_cat?post=11020"},{"taxonomy":"product_tag","embeddable":true,"href":"https:\/\/mil-et-zim.fr\/index.php\/wp-json\/wp\/v2\/product_tag?post=11020"}],"curies":[{"name":"wp","href":"https:\/\/api.w.org\/{rel}","templated":true}]}}