{"id":11085,"date":"2021-12-01T16:40:03","date_gmt":"2021-12-01T15:40:03","guid":{"rendered":"http:\/\/mil-et-zim.fr\/?post_type=product&#038;p=11085"},"modified":"2022-12-19T19:19:44","modified_gmt":"2022-12-19T18:19:44","slug":"saint-joseph-rouge-domaine-courbis-2018-75cl","status":"publish","type":"product","link":"https:\/\/mil-et-zim.fr\/index.php\/product\/saint-joseph-rouge-domaine-courbis-2018-75cl\/","title":{"rendered":"SAINT-JOSEPH ROUGE DOMAINE COURBIS 2018 &#8211; 75CL"},"content":{"rendered":"<p>Cette syrah \u00e9labor\u00e9e par Laurent et Dominique COURBIS s\u00e9duit par sa puissance, son \u00e9quilibre et la justesse de son fruit. Avec ses notes de petits fruits rouges, de prune et sa touche \u00e9pic\u00e9e, il serait fort dommage de passer \u00e0 c\u00f4t\u00e9 de ce Saint-Joseph concentr\u00e9 et charpent\u00e9 en bouche.<\/p>\n<p>\u00c9l\u00e9gant et complexe, il affiche aujourd&#8217;hui un plaisir certain que le temps rendra encore meilleur ! Un rapport qualit\u00e9 prix extra pour un bonheur intense !<\/p>\n","protected":false},"excerpt":{"rendered":"<p><strong class=\"accroche text-bold taille-sm\">Puissance et finesse, une valeur s\u00fbre de l\u2019appellation<\/strong><\/p>\n","protected":false},"featured_media":11202,"comment_status":"open","ping_status":"closed","template":"","meta":[],"product_cat":[176,136],"product_tag":[152],"_links":{"self":[{"href":"https:\/\/mil-et-zim.fr\/index.php\/wp-json\/wp\/v2\/product\/11085"}],"collection":[{"href":"https:\/\/mil-et-zim.fr\/index.php\/wp-json\/wp\/v2\/product"}],"about":[{"href":"https:\/\/mil-et-zim.fr\/index.php\/wp-json\/wp\/v2\/types\/product"}],"replies":[{"embeddable":true,"href":"https:\/\/mil-et-zim.fr\/index.php\/wp-json\/wp\/v2\/comments?post=11085"}],"wp:featuredmedia":[{"embeddable":true,"href":"https:\/\/mil-et-zim.fr\/index.php\/wp-json\/wp\/v2\/media\/11202"}],"wp:attachment":[{"href":"https:\/\/mil-et-zim.fr\/index.php\/wp-json\/wp\/v2\/media?parent=11085"}],"wp:term":[{"taxonomy":"product_cat","embeddable":true,"href":"https:\/\/mil-et-zim.fr\/index.php\/wp-json\/wp\/v2\/product_cat?post=11085"},{"taxonomy":"product_tag","embeddable":true,"href":"https:\/\/mil-et-zim.fr\/index.php\/wp-json\/wp\/v2\/product_tag?post=11085"}],"curies":[{"name":"wp","href":"https:\/\/api.w.org\/{rel}","templated":true}]}}