{"id":11087,"date":"2021-12-01T16:55:57","date_gmt":"2021-12-01T15:55:57","guid":{"rendered":"http:\/\/mil-et-zim.fr\/?post_type=product&#038;p=11087"},"modified":"2022-12-19T19:28:09","modified_gmt":"2022-12-19T18:28:09","slug":"cotes-du-vivarais-domaine-gallety-haute-vigne-rouge-2018-75cl","status":"publish","type":"product","link":"https:\/\/mil-et-zim.fr\/index.php\/product\/cotes-du-vivarais-domaine-gallety-haute-vigne-rouge-2018-75cl\/","title":{"rendered":"COTES DU VIVARAIS-DOMAINE GALLETY-HAUTE VIGNE-ROUGE-2018-75CL"},"content":{"rendered":"<p>Cette cuv\u00e9e provient des plus\u00a0<em>jeunes vignes du domaine<\/em>. Un vrai vin de plaisir aux notes de fruits rouges et noirs, \u00e9quilibr\u00e9 sur la fra\u00eecheur et des tanins souples. Un v\u00e9ritable appel \u00e0 la gourmandise !<\/p>\n<p>C\u00e9pages : 50% de Syrah et 50% de Grenache<\/p>\n","protected":false},"excerpt":{"rendered":"<p>Une tr\u00e8s belle cuv\u00e9e en AOC C\u00f4tes du Vivarais du domaine Gallety en Ard\u00e8che pour d\u00e9couvrir l&#8217;appellation<\/p>\n","protected":false},"featured_media":11088,"comment_status":"open","ping_status":"closed","template":"","meta":[],"product_cat":[176,136],"product_tag":[147],"_links":{"self":[{"href":"https:\/\/mil-et-zim.fr\/index.php\/wp-json\/wp\/v2\/product\/11087"}],"collection":[{"href":"https:\/\/mil-et-zim.fr\/index.php\/wp-json\/wp\/v2\/product"}],"about":[{"href":"https:\/\/mil-et-zim.fr\/index.php\/wp-json\/wp\/v2\/types\/product"}],"replies":[{"embeddable":true,"href":"https:\/\/mil-et-zim.fr\/index.php\/wp-json\/wp\/v2\/comments?post=11087"}],"wp:featuredmedia":[{"embeddable":true,"href":"https:\/\/mil-et-zim.fr\/index.php\/wp-json\/wp\/v2\/media\/11088"}],"wp:attachment":[{"href":"https:\/\/mil-et-zim.fr\/index.php\/wp-json\/wp\/v2\/media?parent=11087"}],"wp:term":[{"taxonomy":"product_cat","embeddable":true,"href":"https:\/\/mil-et-zim.fr\/index.php\/wp-json\/wp\/v2\/product_cat?post=11087"},{"taxonomy":"product_tag","embeddable":true,"href":"https:\/\/mil-et-zim.fr\/index.php\/wp-json\/wp\/v2\/product_tag?post=11087"}],"curies":[{"name":"wp","href":"https:\/\/api.w.org\/{rel}","templated":true}]}}