{"id":11089,"date":"2021-12-01T17:06:24","date_gmt":"2021-12-01T16:06:24","guid":{"rendered":"http:\/\/mil-et-zim.fr\/?post_type=product&#038;p=11089"},"modified":"2022-12-19T19:18:41","modified_gmt":"2022-12-19T18:18:41","slug":"pic-saint-loup-chateau-lascaux-carra-2018-75cl","status":"publish","type":"product","link":"https:\/\/mil-et-zim.fr\/index.php\/product\/pic-saint-loup-chateau-lascaux-carra-2018-75cl\/","title":{"rendered":"PIC SAINT-LOUP &#8211; CH\u00c2TEAU LASCAUX CARRA 2018 &#8211; 75CL"},"content":{"rendered":"<p>Les vignes se situent sur le terroir de l\u2019AOC Pic Saint-Loup. Sur des sols caillouteux avec des \u00e9boulis calcaires du Quaternaire (calcaire jurassique, plus dur et plus ancien). Ce qui offre des vins fins et \u00e9l\u00e9gants, riches des caract\u00e9ristiques de ce terroir unique.<\/p>\n<div class=\"cuvee_informations\">\n<div class=\"cuvee_informations__desc\">\n<p>Le vignoble est conduit en agriculture biologique depuis 2006 et des pratiques en biodynamie ont \u00e9t\u00e9 introduites depuis 5 ans.<\/p>\n<\/div>\n<\/div>\n<div class=\"cuvee_informations\">\n<h4 class=\"cuvee_informations_titre\"><strong>C\u00e9pages : Syrah : 60% Grenache : 40%<\/strong><\/h4>\n<\/div>\n<div class=\"cuvee_informations\">\n<h4 class=\"cuvee_informations_titre\">Ar\u00f4mes de fruits noirs et de fruits rouges sur la fraise, la m\u00fbre, la myrtille\u2026 Des notes d\u2019\u00e9pices et de r\u00e9glisse.<\/h4>\n<\/div>\n","protected":false},"excerpt":{"rendered":"<p>&#8221; Carra, qui signifie pierre, est l\u2019origine pr\u00e9-romaine du mot garrigue.<br \/>\nCette cuv\u00e9e est un hommage \u00e0 la pierre calcaire de notre terroir, qui<br \/>\ndonne \u00e0 notre vin sa typicit\u00e9 et son originalit\u00e9. &#8220;<\/p>\n","protected":false},"featured_media":11201,"comment_status":"open","ping_status":"closed","template":"","meta":[],"product_cat":[140,136],"product_tag":[148],"_links":{"self":[{"href":"https:\/\/mil-et-zim.fr\/index.php\/wp-json\/wp\/v2\/product\/11089"}],"collection":[{"href":"https:\/\/mil-et-zim.fr\/index.php\/wp-json\/wp\/v2\/product"}],"about":[{"href":"https:\/\/mil-et-zim.fr\/index.php\/wp-json\/wp\/v2\/types\/product"}],"replies":[{"embeddable":true,"href":"https:\/\/mil-et-zim.fr\/index.php\/wp-json\/wp\/v2\/comments?post=11089"}],"wp:featuredmedia":[{"embeddable":true,"href":"https:\/\/mil-et-zim.fr\/index.php\/wp-json\/wp\/v2\/media\/11201"}],"wp:attachment":[{"href":"https:\/\/mil-et-zim.fr\/index.php\/wp-json\/wp\/v2\/media?parent=11089"}],"wp:term":[{"taxonomy":"product_cat","embeddable":true,"href":"https:\/\/mil-et-zim.fr\/index.php\/wp-json\/wp\/v2\/product_cat?post=11089"},{"taxonomy":"product_tag","embeddable":true,"href":"https:\/\/mil-et-zim.fr\/index.php\/wp-json\/wp\/v2\/product_tag?post=11089"}],"curies":[{"name":"wp","href":"https:\/\/api.w.org\/{rel}","templated":true}]}}