{"id":11091,"date":"2021-12-01T17:16:34","date_gmt":"2021-12-01T16:16:34","guid":{"rendered":"http:\/\/mil-et-zim.fr\/?post_type=product&#038;p=11091"},"modified":"2022-12-19T19:17:33","modified_gmt":"2022-12-19T18:17:33","slug":"cotes-du-rhone-un-air-de-remejeanne-2019-75cl","status":"publish","type":"product","link":"https:\/\/mil-et-zim.fr\/index.php\/product\/cotes-du-rhone-un-air-de-remejeanne-2019-75cl\/","title":{"rendered":"COTES DU RHONE &#8211; UN AIR DE REMEJEANNE 2019 &#8211; 75CL"},"content":{"rendered":"<p>Tous nos vins du domaine sont certifi\u00e9s en Agriculture Biologique.<\/p>\n<p>Vendanges manuelles, levures indig\u00e8nes, extractions douces\u2026 nous vinifions dans le plus grand respect de la nature, avec rigueur et attention.<\/p>\n<p>Vin d\u2019une jolie couleur rubis clair.<br \/>\nLe nez : Explosion de fruits rouges avec des notes de fraise des bois et de violette.<br \/>\nEn bouche : Croquant, frais et fin, c\u2019est un vin tr\u00e8s digeste.<br \/>\nA servir autour de 14\u00b0 avec vos plats d\u2019\u00e9t\u00e9 comme des grillades ou bien avec une cuisine \u00e9pic\u00e9e.<br \/>\nSa garde sera de 2 ans.<\/p>\n<p>C\u00e9pages : Grenache (70%) et Syrah (30%)<\/p>\n","protected":false},"excerpt":{"rendered":"<p>Croquant, frais et fin, c\u2019est un vin tr\u00e8s digeste.<\/p>\n","protected":false},"featured_media":11200,"comment_status":"open","ping_status":"closed","template":"","meta":[],"product_cat":[176,140,136],"product_tag":[147],"_links":{"self":[{"href":"https:\/\/mil-et-zim.fr\/index.php\/wp-json\/wp\/v2\/product\/11091"}],"collection":[{"href":"https:\/\/mil-et-zim.fr\/index.php\/wp-json\/wp\/v2\/product"}],"about":[{"href":"https:\/\/mil-et-zim.fr\/index.php\/wp-json\/wp\/v2\/types\/product"}],"replies":[{"embeddable":true,"href":"https:\/\/mil-et-zim.fr\/index.php\/wp-json\/wp\/v2\/comments?post=11091"}],"wp:featuredmedia":[{"embeddable":true,"href":"https:\/\/mil-et-zim.fr\/index.php\/wp-json\/wp\/v2\/media\/11200"}],"wp:attachment":[{"href":"https:\/\/mil-et-zim.fr\/index.php\/wp-json\/wp\/v2\/media?parent=11091"}],"wp:term":[{"taxonomy":"product_cat","embeddable":true,"href":"https:\/\/mil-et-zim.fr\/index.php\/wp-json\/wp\/v2\/product_cat?post=11091"},{"taxonomy":"product_tag","embeddable":true,"href":"https:\/\/mil-et-zim.fr\/index.php\/wp-json\/wp\/v2\/product_tag?post=11091"}],"curies":[{"name":"wp","href":"https:\/\/api.w.org\/{rel}","templated":true}]}}