{"id":11095,"date":"2021-12-03T13:26:24","date_gmt":"2021-12-03T12:26:24","guid":{"rendered":"http:\/\/mil-et-zim.fr\/?post_type=product&#038;p=11095"},"modified":"2022-12-19T19:16:10","modified_gmt":"2022-12-19T18:16:10","slug":"bourgueil-domaine-gauthier-les-vingts-lieux-dits-2015-75cl","status":"publish","type":"product","link":"https:\/\/mil-et-zim.fr\/index.php\/product\/bourgueil-domaine-gauthier-les-vingts-lieux-dits-2015-75cl\/","title":{"rendered":"BOURGUEIL DOMAINE GAUTHIER &#8211; LES VINGTS LIEUX DITS &#8211; 2015 &#8211; 75CL"},"content":{"rendered":"<p>Ce vin d\u00e9voile une robe rubis intense et profonde. Des senteurs de fruits noirs intense accompagn\u00e9s de notes l\u00e9g\u00e8rement terreuses viennent remplir les sens d\u00e9licatement. La bouche est pleine, franche et concentr\u00e9e. Aucune lourdeur ou aigreur n\u2019appara\u00eet. Ici tout n\u2019est que fruit pur, intense, fin et d\u00e9licat. La finale sapide et persistance donne une envie incompressible de revenir avec gourmandise \u00e0 ce Bourgueil envo\u00fbtant.<\/p>\n","protected":false},"excerpt":{"rendered":"<p>Le croquant de ses petits fruits rouges et noirs et son c\u00f4t\u00e9 s\u00e9veux lui donnent beaucoup de charme et d&#8217;\u00e9l\u00e9gance.<\/p>\n","protected":false},"featured_media":11096,"comment_status":"open","ping_status":"closed","template":"","meta":[],"product_cat":[173,140,136],"product_tag":[146],"_links":{"self":[{"href":"https:\/\/mil-et-zim.fr\/index.php\/wp-json\/wp\/v2\/product\/11095"}],"collection":[{"href":"https:\/\/mil-et-zim.fr\/index.php\/wp-json\/wp\/v2\/product"}],"about":[{"href":"https:\/\/mil-et-zim.fr\/index.php\/wp-json\/wp\/v2\/types\/product"}],"replies":[{"embeddable":true,"href":"https:\/\/mil-et-zim.fr\/index.php\/wp-json\/wp\/v2\/comments?post=11095"}],"wp:featuredmedia":[{"embeddable":true,"href":"https:\/\/mil-et-zim.fr\/index.php\/wp-json\/wp\/v2\/media\/11096"}],"wp:attachment":[{"href":"https:\/\/mil-et-zim.fr\/index.php\/wp-json\/wp\/v2\/media?parent=11095"}],"wp:term":[{"taxonomy":"product_cat","embeddable":true,"href":"https:\/\/mil-et-zim.fr\/index.php\/wp-json\/wp\/v2\/product_cat?post=11095"},{"taxonomy":"product_tag","embeddable":true,"href":"https:\/\/mil-et-zim.fr\/index.php\/wp-json\/wp\/v2\/product_tag?post=11095"}],"curies":[{"name":"wp","href":"https:\/\/api.w.org\/{rel}","templated":true}]}}