{"id":11123,"date":"2021-12-22T12:25:01","date_gmt":"2021-12-22T11:25:01","guid":{"rendered":"http:\/\/mil-et-zim.fr\/?post_type=product&#038;p=11123"},"modified":"2022-12-21T20:17:16","modified_gmt":"2022-12-21T19:17:16","slug":"11123","status":"publish","type":"product","link":"https:\/\/mil-et-zim.fr\/index.php\/product\/11123\/","title":{"rendered":"VENTOUX- CH\u00c2TEAU PESQUIE &#8220;LES TERRASSES&#8221; -75CL"},"content":{"rendered":"<p>Les cuv\u00e9es Terrasses sont, pour chaque couleur, des assemblages<br \/>\ndes diff\u00e9rents sols et c\u00e9pages pr\u00e9sents \u00e0 l\u2019\u00e9chelle globale du<br \/>\ndomaine. Elles refl\u00e8tent l\u2019\u00e9quilibre et la gourmandise du terroir<br \/>\nauquel le climat frais du Mont apporte identit\u00e9 et coh\u00e8rence.<br \/>\nPour cette cuv\u00e9e profond\u00e9ment ancr\u00e9e dans le terroir du Ventoux,<br \/>\nGrenache et Syrah expriment ici, avec \u00e9clat, gourmandise et<br \/>\nsouplesse.<\/p>\n<p>CEPAGES<br \/>\n60 % Grenache &#8211; 40 % Syrah<br \/>\n(pr\u00e9sence \u00e9ventuelle de Carignan, Cinsault et Mourv\u00e8dre)<\/p>\n","protected":false},"excerpt":{"rendered":"<p>Gourmandise et souplesse pour ce vin de terroir.<\/p>\n","protected":false},"featured_media":11196,"comment_status":"open","ping_status":"closed","template":"","meta":[],"product_cat":[176,140,138],"product_tag":[147],"_links":{"self":[{"href":"https:\/\/mil-et-zim.fr\/index.php\/wp-json\/wp\/v2\/product\/11123"}],"collection":[{"href":"https:\/\/mil-et-zim.fr\/index.php\/wp-json\/wp\/v2\/product"}],"about":[{"href":"https:\/\/mil-et-zim.fr\/index.php\/wp-json\/wp\/v2\/types\/product"}],"replies":[{"embeddable":true,"href":"https:\/\/mil-et-zim.fr\/index.php\/wp-json\/wp\/v2\/comments?post=11123"}],"wp:featuredmedia":[{"embeddable":true,"href":"https:\/\/mil-et-zim.fr\/index.php\/wp-json\/wp\/v2\/media\/11196"}],"wp:attachment":[{"href":"https:\/\/mil-et-zim.fr\/index.php\/wp-json\/wp\/v2\/media?parent=11123"}],"wp:term":[{"taxonomy":"product_cat","embeddable":true,"href":"https:\/\/mil-et-zim.fr\/index.php\/wp-json\/wp\/v2\/product_cat?post=11123"},{"taxonomy":"product_tag","embeddable":true,"href":"https:\/\/mil-et-zim.fr\/index.php\/wp-json\/wp\/v2\/product_tag?post=11123"}],"curies":[{"name":"wp","href":"https:\/\/api.w.org\/{rel}","templated":true}]}}