{"id":11223,"date":"2022-06-23T14:05:20","date_gmt":"2022-06-23T12:05:20","guid":{"rendered":"http:\/\/mil-et-zim.fr\/?post_type=product&#038;p=11223"},"modified":"2022-12-19T18:52:08","modified_gmt":"2022-12-19T17:52:08","slug":"aop-faugeres-dne-sylva-plana-les-novices","status":"publish","type":"product","link":"https:\/\/mil-et-zim.fr\/index.php\/product\/aop-faugeres-dne-sylva-plana-les-novices\/","title":{"rendered":"AOP- FAUGERES &#8211; Dne Sylva Plana &#8220;les novices&#8221;"},"content":{"rendered":"<p>Ancienne grange monastique cistercienne de l&#8217;Abbaye de Sylvanes (Aveyron), l&#8217;Abbaye Sylva Plana est implant\u00e9e sur les communes de Caussigniogouls et de Laurens.<\/p>\n<p>Les vins produits par l&#8217;Abbaye Sylva Plana sont \u00e0 la fois puissants, fruit\u00e9s et soyeux, avec une belle \u00e9l\u00e9gance. Travail int\u00e9gral des sols, traitement naturel, compost biologique, labours au cheval, confusion sexuelle, nichoir de chauve souris et de bergeronnettes, intervention \u0153nologique minimale, conservation de garrigue entre chaque parcelle.<\/p>\n<p>Grenache, Carignan et Cinsault.<\/p>\n","protected":false},"excerpt":{"rendered":"<p>Un vin color\u00e9, gouleyant, frais et ar\u00f4matique. D&#8217;un certain volume, les tanins tr\u00e8s m\u00fbrs sont fondus. Des ar\u00f4mes de fruits rouges et de garrigues sont pr\u00e9sents.<\/p>\n","protected":false},"featured_media":11224,"comment_status":"closed","ping_status":"closed","template":"","meta":[],"product_cat":[175,140,136],"product_tag":[148],"_links":{"self":[{"href":"https:\/\/mil-et-zim.fr\/index.php\/wp-json\/wp\/v2\/product\/11223"}],"collection":[{"href":"https:\/\/mil-et-zim.fr\/index.php\/wp-json\/wp\/v2\/product"}],"about":[{"href":"https:\/\/mil-et-zim.fr\/index.php\/wp-json\/wp\/v2\/types\/product"}],"replies":[{"embeddable":true,"href":"https:\/\/mil-et-zim.fr\/index.php\/wp-json\/wp\/v2\/comments?post=11223"}],"wp:featuredmedia":[{"embeddable":true,"href":"https:\/\/mil-et-zim.fr\/index.php\/wp-json\/wp\/v2\/media\/11224"}],"wp:attachment":[{"href":"https:\/\/mil-et-zim.fr\/index.php\/wp-json\/wp\/v2\/media?parent=11223"}],"wp:term":[{"taxonomy":"product_cat","embeddable":true,"href":"https:\/\/mil-et-zim.fr\/index.php\/wp-json\/wp\/v2\/product_cat?post=11223"},{"taxonomy":"product_tag","embeddable":true,"href":"https:\/\/mil-et-zim.fr\/index.php\/wp-json\/wp\/v2\/product_tag?post=11223"}],"curies":[{"name":"wp","href":"https:\/\/api.w.org\/{rel}","templated":true}]}}