{"id":11225,"date":"2022-06-23T14:51:20","date_gmt":"2022-06-23T12:51:20","guid":{"rendered":"http:\/\/mil-et-zim.fr\/?post_type=product&#038;p=11225"},"modified":"2022-06-23T14:51:20","modified_gmt":"2022-06-23T12:51:20","slug":"cotes-du-vivarais-domaine-gallety-syrare-75cl","status":"publish","type":"product","link":"https:\/\/mil-et-zim.fr\/index.php\/product\/cotes-du-vivarais-domaine-gallety-syrare-75cl\/","title":{"rendered":"COTES DU VIVARAIS-DOMAINE GALLETY-SYRARE &#8211; 75cl"},"content":{"rendered":"<p><em>Une des cuv\u00e9es les plus prestigieuses<\/em>\u00a0du\u00a0<strong>domaine Gallety<\/strong>, et presque pourrait-on dire de l&#8217;<strong>AOC C\u00f4tes du Vivarais<\/strong>.\u00a0<em>Une s\u00e9lection parcellaire minutieuse<\/em>\u00a0de vieilles vignes de Syrah, ensuite \u00e9lev\u00e9e pendant pr\u00e8s de 2 ans en f\u00fbt de ch\u00eane neuf.\u00a0<em>Le r\u00e9sultat est bluffant<\/em>\u00a0! Un vin ample, charnu, opulent, soutenu par une belle structure tannique. La finale est longe et \u00e9pic\u00e9e. Un vrai bonheur.<\/p>\n<p>70% syrah, 30% grenache<\/p>\n","protected":false},"excerpt":{"rendered":"<p>Un vin ample, charnu, opulent<\/p>\n","protected":false},"featured_media":11226,"comment_status":"closed","ping_status":"closed","template":"","meta":[],"product_cat":[136],"product_tag":[147],"_links":{"self":[{"href":"https:\/\/mil-et-zim.fr\/index.php\/wp-json\/wp\/v2\/product\/11225"}],"collection":[{"href":"https:\/\/mil-et-zim.fr\/index.php\/wp-json\/wp\/v2\/product"}],"about":[{"href":"https:\/\/mil-et-zim.fr\/index.php\/wp-json\/wp\/v2\/types\/product"}],"replies":[{"embeddable":true,"href":"https:\/\/mil-et-zim.fr\/index.php\/wp-json\/wp\/v2\/comments?post=11225"}],"wp:featuredmedia":[{"embeddable":true,"href":"https:\/\/mil-et-zim.fr\/index.php\/wp-json\/wp\/v2\/media\/11226"}],"wp:attachment":[{"href":"https:\/\/mil-et-zim.fr\/index.php\/wp-json\/wp\/v2\/media?parent=11225"}],"wp:term":[{"taxonomy":"product_cat","embeddable":true,"href":"https:\/\/mil-et-zim.fr\/index.php\/wp-json\/wp\/v2\/product_cat?post=11225"},{"taxonomy":"product_tag","embeddable":true,"href":"https:\/\/mil-et-zim.fr\/index.php\/wp-json\/wp\/v2\/product_tag?post=11225"}],"curies":[{"name":"wp","href":"https:\/\/api.w.org\/{rel}","templated":true}]}}