{"id":14117,"date":"2022-12-19T20:01:30","date_gmt":"2022-12-19T19:01:30","guid":{"rendered":"http:\/\/mil-et-zim.fr\/?post_type=product&#038;p=14117"},"modified":"2026-01-16T16:34:37","modified_gmt":"2026-01-16T15:34:37","slug":"champagne-coquard-bour-75cl","status":"publish","type":"product","link":"https:\/\/mil-et-zim.fr\/index.php\/product\/champagne-coquard-bour-75cl\/","title":{"rendered":"CHAMPAGNE COQUARD BOUR 75cl"},"content":{"rendered":"<p>Un tr\u00e8s joli Champagne d&#8217;ap\u00e9ritif avec un nez tr\u00e8s expressif et d\u00e9licat . On retrouve des notes de fruits blanc<br \/>\ncomme la poire avec un joli bouquet floral sur des fleurs type accacia.<br \/>\nQuelques pointes d&#8217;\u00e9pices comme la vanille apportent encore plus de<br \/>\ncomplexit\u00e9 \u00e0 cette cuv\u00e9e .<br \/>\nL&#8217;attaque est franche et fondue . Une belle fraicheur est pr\u00e9sente<br \/>\ntout en restant tr\u00e8s gourmande , cette cuv\u00e9e est tr\u00e8s rafraichissante .<\/p>\n","protected":false},"excerpt":{"rendered":"<p>Un tr\u00e8s joli Champagne d&#8217;ap\u00e9ritif<\/p>\n","protected":false},"featured_media":14125,"comment_status":"closed","ping_status":"closed","template":"","meta":[],"product_cat":[177,149,139],"product_tag":[],"_links":{"self":[{"href":"https:\/\/mil-et-zim.fr\/index.php\/wp-json\/wp\/v2\/product\/14117"}],"collection":[{"href":"https:\/\/mil-et-zim.fr\/index.php\/wp-json\/wp\/v2\/product"}],"about":[{"href":"https:\/\/mil-et-zim.fr\/index.php\/wp-json\/wp\/v2\/types\/product"}],"replies":[{"embeddable":true,"href":"https:\/\/mil-et-zim.fr\/index.php\/wp-json\/wp\/v2\/comments?post=14117"}],"wp:featuredmedia":[{"embeddable":true,"href":"https:\/\/mil-et-zim.fr\/index.php\/wp-json\/wp\/v2\/media\/14125"}],"wp:attachment":[{"href":"https:\/\/mil-et-zim.fr\/index.php\/wp-json\/wp\/v2\/media?parent=14117"}],"wp:term":[{"taxonomy":"product_cat","embeddable":true,"href":"https:\/\/mil-et-zim.fr\/index.php\/wp-json\/wp\/v2\/product_cat?post=14117"},{"taxonomy":"product_tag","embeddable":true,"href":"https:\/\/mil-et-zim.fr\/index.php\/wp-json\/wp\/v2\/product_tag?post=14117"}],"curies":[{"name":"wp","href":"https:\/\/api.w.org\/{rel}","templated":true}]}}