{"id":14118,"date":"2022-12-19T20:14:37","date_gmt":"2022-12-19T19:14:37","guid":{"rendered":"http:\/\/mil-et-zim.fr\/?post_type=product&#038;p=14118"},"modified":"2024-07-14T10:37:14","modified_gmt":"2024-07-14T08:37:14","slug":"aop-cremant-dalsace-domaine-mader-75cl","status":"publish","type":"product","link":"https:\/\/mil-et-zim.fr\/index.php\/product\/aop-cremant-dalsace-domaine-mader-75cl\/","title":{"rendered":"AOP Cr\u00e9mant d&#8217;Alsace &#8211; Domaine MADER 75cl"},"content":{"rendered":"<p>Robe de couleur pale. Les bulles de ce cr\u00e9mant sont fines et d\u00e9licates. Au nez nous avons des notes de citron avec des effluves toast\u00e9es, le corps est rond et la bouche \u00e9voque les agrumes et la pomme verte. La finale est nette et franche.<\/p>\n","protected":false},"excerpt":{"rendered":"<p>Au nez nous avons des notes de citron avec des effluves toast\u00e9es, le corps est rond et la bouche \u00e9voque les agrumes et la pomme verte.<\/p>\n","protected":false},"featured_media":14126,"comment_status":"closed","ping_status":"closed","template":"","meta":[],"product_cat":[174,139],"product_tag":[],"_links":{"self":[{"href":"https:\/\/mil-et-zim.fr\/index.php\/wp-json\/wp\/v2\/product\/14118"}],"collection":[{"href":"https:\/\/mil-et-zim.fr\/index.php\/wp-json\/wp\/v2\/product"}],"about":[{"href":"https:\/\/mil-et-zim.fr\/index.php\/wp-json\/wp\/v2\/types\/product"}],"replies":[{"embeddable":true,"href":"https:\/\/mil-et-zim.fr\/index.php\/wp-json\/wp\/v2\/comments?post=14118"}],"wp:featuredmedia":[{"embeddable":true,"href":"https:\/\/mil-et-zim.fr\/index.php\/wp-json\/wp\/v2\/media\/14126"}],"wp:attachment":[{"href":"https:\/\/mil-et-zim.fr\/index.php\/wp-json\/wp\/v2\/media?parent=14118"}],"wp:term":[{"taxonomy":"product_cat","embeddable":true,"href":"https:\/\/mil-et-zim.fr\/index.php\/wp-json\/wp\/v2\/product_cat?post=14118"},{"taxonomy":"product_tag","embeddable":true,"href":"https:\/\/mil-et-zim.fr\/index.php\/wp-json\/wp\/v2\/product_tag?post=14118"}],"curies":[{"name":"wp","href":"https:\/\/api.w.org\/{rel}","templated":true}]}}