{"id":14132,"date":"2022-12-20T08:07:12","date_gmt":"2022-12-20T07:07:12","guid":{"rendered":"http:\/\/mil-et-zim.fr\/?post_type=product&#038;p=14132"},"modified":"2022-12-20T08:07:12","modified_gmt":"2022-12-20T07:07:12","slug":"igp-oc-dne-deshenry-cuvee-solo-vermentino-75cl","status":"publish","type":"product","link":"https:\/\/mil-et-zim.fr\/index.php\/product\/igp-oc-dne-deshenry-cuvee-solo-vermentino-75cl\/","title":{"rendered":"IGP OC- DNE DESHENRY &#8211; cuv\u00e9e solo vermentino 75cl"},"content":{"rendered":"<p>Une robe p\u00e2le aux reflets or . Le nez est tr\u00e8s frais avec des notes florales. En bouche il \u00e9volue sur les agrumes et les fleurs. Il sera tr\u00e8s\u00a0 agr\u00e9able en ap\u00e9ritif ou sur un fromage pas trop affin\u00e9.<\/p>\n","protected":false},"excerpt":{"rendered":"<p>Vin agr\u00e9able \u00e0 l&#8217;ap\u00e9ritif et sur certains fromages<\/p>\n","protected":false},"featured_media":14133,"comment_status":"closed","ping_status":"closed","template":"","meta":[],"product_cat":[175,138],"product_tag":[],"_links":{"self":[{"href":"https:\/\/mil-et-zim.fr\/index.php\/wp-json\/wp\/v2\/product\/14132"}],"collection":[{"href":"https:\/\/mil-et-zim.fr\/index.php\/wp-json\/wp\/v2\/product"}],"about":[{"href":"https:\/\/mil-et-zim.fr\/index.php\/wp-json\/wp\/v2\/types\/product"}],"replies":[{"embeddable":true,"href":"https:\/\/mil-et-zim.fr\/index.php\/wp-json\/wp\/v2\/comments?post=14132"}],"wp:featuredmedia":[{"embeddable":true,"href":"https:\/\/mil-et-zim.fr\/index.php\/wp-json\/wp\/v2\/media\/14133"}],"wp:attachment":[{"href":"https:\/\/mil-et-zim.fr\/index.php\/wp-json\/wp\/v2\/media?parent=14132"}],"wp:term":[{"taxonomy":"product_cat","embeddable":true,"href":"https:\/\/mil-et-zim.fr\/index.php\/wp-json\/wp\/v2\/product_cat?post=14132"},{"taxonomy":"product_tag","embeddable":true,"href":"https:\/\/mil-et-zim.fr\/index.php\/wp-json\/wp\/v2\/product_tag?post=14132"}],"curies":[{"name":"wp","href":"https:\/\/api.w.org\/{rel}","templated":true}]}}