{"id":14136,"date":"2022-12-20T08:57:48","date_gmt":"2022-12-20T07:57:48","guid":{"rendered":"http:\/\/mil-et-zim.fr\/?post_type=product&#038;p=14136"},"modified":"2022-12-20T08:57:48","modified_gmt":"2022-12-20T07:57:48","slug":"vdf-les-2-vaches-rouges-domaine-daydie-75cl","status":"publish","type":"product","link":"https:\/\/mil-et-zim.fr\/index.php\/product\/vdf-les-2-vaches-rouges-domaine-daydie-75cl\/","title":{"rendered":"VdF Les 2 Vaches rouges &#8211; DOMAINE D&#8217;AYDIE 75cl"},"content":{"rendered":"<p>Robe rouge grenat avec des reflets violac\u00e9s. Nez aux ar\u00f4mes charmeurs de fruits rouges et de fruits \u00e0 chair blanche. Bouche flatteuse de par sa rondeur, sa souplesse et la fra\u00eecheur du fruit.<br \/>\nVin de plaisir par excellence !<\/p>\n<ul class=\"cepages\">\n<li>100%<strong>Tannat<\/strong><\/li>\n<\/ul>\n","protected":false},"excerpt":{"rendered":"<p>Vin de plaisir par excellence, 100% Tannat<\/p>\n","protected":false},"featured_media":14137,"comment_status":"closed","ping_status":"closed","template":"","meta":[],"product_cat":[171,149,136],"product_tag":[],"_links":{"self":[{"href":"https:\/\/mil-et-zim.fr\/index.php\/wp-json\/wp\/v2\/product\/14136"}],"collection":[{"href":"https:\/\/mil-et-zim.fr\/index.php\/wp-json\/wp\/v2\/product"}],"about":[{"href":"https:\/\/mil-et-zim.fr\/index.php\/wp-json\/wp\/v2\/types\/product"}],"replies":[{"embeddable":true,"href":"https:\/\/mil-et-zim.fr\/index.php\/wp-json\/wp\/v2\/comments?post=14136"}],"wp:featuredmedia":[{"embeddable":true,"href":"https:\/\/mil-et-zim.fr\/index.php\/wp-json\/wp\/v2\/media\/14137"}],"wp:attachment":[{"href":"https:\/\/mil-et-zim.fr\/index.php\/wp-json\/wp\/v2\/media?parent=14136"}],"wp:term":[{"taxonomy":"product_cat","embeddable":true,"href":"https:\/\/mil-et-zim.fr\/index.php\/wp-json\/wp\/v2\/product_cat?post=14136"},{"taxonomy":"product_tag","embeddable":true,"href":"https:\/\/mil-et-zim.fr\/index.php\/wp-json\/wp\/v2\/product_tag?post=14136"}],"curies":[{"name":"wp","href":"https:\/\/api.w.org\/{rel}","templated":true}]}}