{"id":14138,"date":"2022-12-20T09:11:47","date_gmt":"2022-12-20T08:11:47","guid":{"rendered":"http:\/\/mil-et-zim.fr\/?post_type=product&#038;p=14138"},"modified":"2022-12-20T09:11:47","modified_gmt":"2022-12-20T08:11:47","slug":"14138","status":"publish","type":"product","link":"https:\/\/mil-et-zim.fr\/index.php\/product\/14138\/","title":{"rendered":""},"content":{"rendered":"<p>Les raisins sont issus de sols argilo calcaire et de sables, situ\u00e9s \u00e0 une altitude entre 200 et 300 m\u00e8tres. La vendange est foul\u00e9e et \u00e9rafl\u00e9e. Mac\u00e9ration d une quinzaine de jours en cuve b\u00e9ton avec une extraction tr\u00e8s douce. Pas d&#8217;\u00e9levage en bois pour cette cuv\u00e9e toute en fra\u00eecheur. Mis en bouteille par la Famille Chaudi\u00e8re.<\/p>\n<div class=\"row\">\n<div>\n<p>Couleur grenat, limpide, reflets violines. Nez, ar\u00f4mes de framboise, ar\u00f4mes de fruits rouges, ar\u00f4mes de groseille. Bouche fruit\u00e9e, souple, notes de fleurs blanches, notes de cerise, notes d&#8217;\u00e9pices, tanins souples, corps l\u00e9ger.<\/p>\n<\/div>\n<\/div>\n","protected":false},"excerpt":{"rendered":"<p>100% Cinsault, pur gourmandise, sur un c\u00e9page qui apporte de la fluidit\u00e9 et restitue bien un fruit\u00e9 avenant.<\/p>\n","protected":false},"featured_media":14139,"comment_status":"closed","ping_status":"closed","template":"","meta":[],"product_cat":[176,136],"product_tag":[],"_links":{"self":[{"href":"https:\/\/mil-et-zim.fr\/index.php\/wp-json\/wp\/v2\/product\/14138"}],"collection":[{"href":"https:\/\/mil-et-zim.fr\/index.php\/wp-json\/wp\/v2\/product"}],"about":[{"href":"https:\/\/mil-et-zim.fr\/index.php\/wp-json\/wp\/v2\/types\/product"}],"replies":[{"embeddable":true,"href":"https:\/\/mil-et-zim.fr\/index.php\/wp-json\/wp\/v2\/comments?post=14138"}],"wp:featuredmedia":[{"embeddable":true,"href":"https:\/\/mil-et-zim.fr\/index.php\/wp-json\/wp\/v2\/media\/14139"}],"wp:attachment":[{"href":"https:\/\/mil-et-zim.fr\/index.php\/wp-json\/wp\/v2\/media?parent=14138"}],"wp:term":[{"taxonomy":"product_cat","embeddable":true,"href":"https:\/\/mil-et-zim.fr\/index.php\/wp-json\/wp\/v2\/product_cat?post=14138"},{"taxonomy":"product_tag","embeddable":true,"href":"https:\/\/mil-et-zim.fr\/index.php\/wp-json\/wp\/v2\/product_tag?post=14138"}],"curies":[{"name":"wp","href":"https:\/\/api.w.org\/{rel}","templated":true}]}}