{"id":14162,"date":"2022-12-22T18:14:10","date_gmt":"2022-12-22T17:14:10","guid":{"rendered":"http:\/\/mil-et-zim.fr\/?post_type=product&#038;p=14162"},"modified":"2022-12-22T19:50:50","modified_gmt":"2022-12-22T18:50:50","slug":"aop-menetou-salon-domaine-remoorter-75cl","status":"publish","type":"product","link":"https:\/\/mil-et-zim.fr\/index.php\/product\/aop-menetou-salon-domaine-remoorter-75cl\/","title":{"rendered":"AOP M\u00e9n\u00e9tou-Salon &#8211; Domaine REMOORTER 75cl"},"content":{"rendered":"<p>Un vin blanc de la Loire\u00a0<strong>sec et fruit\u00e9<\/strong>\u00a0avec\u00a0<strong>des notes min\u00e9rales<\/strong>\u00a0en fin de bouche avec un c\u00f4t\u00e9\u00a0<strong>l\u00e9g\u00e8rement citronn\u00e9<\/strong>.<\/p>\n","protected":false},"excerpt":{"rendered":"<p>Loire\u00a0<strong>sec et fruit\u00e9<\/strong>\u00a0avec\u00a0<strong>des notes min\u00e9rales<\/strong><\/p>\n","protected":false},"featured_media":14163,"comment_status":"closed","ping_status":"closed","template":"","meta":[],"product_cat":[173,140,138],"product_tag":[],"_links":{"self":[{"href":"https:\/\/mil-et-zim.fr\/index.php\/wp-json\/wp\/v2\/product\/14162"}],"collection":[{"href":"https:\/\/mil-et-zim.fr\/index.php\/wp-json\/wp\/v2\/product"}],"about":[{"href":"https:\/\/mil-et-zim.fr\/index.php\/wp-json\/wp\/v2\/types\/product"}],"replies":[{"embeddable":true,"href":"https:\/\/mil-et-zim.fr\/index.php\/wp-json\/wp\/v2\/comments?post=14162"}],"wp:featuredmedia":[{"embeddable":true,"href":"https:\/\/mil-et-zim.fr\/index.php\/wp-json\/wp\/v2\/media\/14163"}],"wp:attachment":[{"href":"https:\/\/mil-et-zim.fr\/index.php\/wp-json\/wp\/v2\/media?parent=14162"}],"wp:term":[{"taxonomy":"product_cat","embeddable":true,"href":"https:\/\/mil-et-zim.fr\/index.php\/wp-json\/wp\/v2\/product_cat?post=14162"},{"taxonomy":"product_tag","embeddable":true,"href":"https:\/\/mil-et-zim.fr\/index.php\/wp-json\/wp\/v2\/product_tag?post=14162"}],"curies":[{"name":"wp","href":"https:\/\/api.w.org\/{rel}","templated":true}]}}