{"id":14165,"date":"2022-12-22T18:48:19","date_gmt":"2022-12-22T17:48:19","guid":{"rendered":"http:\/\/mil-et-zim.fr\/?post_type=product&#038;p=14165"},"modified":"2022-12-22T18:52:38","modified_gmt":"2022-12-22T17:52:38","slug":"aop-minervois-campagne-de-clos-centeilles-75cl","status":"publish","type":"product","link":"https:\/\/mil-et-zim.fr\/index.php\/product\/aop-minervois-campagne-de-clos-centeilles-75cl\/","title":{"rendered":"AOP MINERVOIS &#8211; Campagne de clos Centeilles -75cl"},"content":{"rendered":"<p>Une robe rubis\u00a0 d\u2019intensit\u00e9 moyenne. Un ar\u00f4me friand et \u00e9quilibr\u00e9. La bouche est ample et g\u00e9n\u00e9reuse avec du fruit, des \u00e9pices et des tannins fondus. En r\u00e9sum\u00e9, un vin simple et gourmand.<\/p>\n<p>&nbsp;<\/p>\n","protected":false},"excerpt":{"rendered":"<p>Un vin simple et gourmand.<\/p>\n","protected":false},"featured_media":14166,"comment_status":"closed","ping_status":"closed","template":"","meta":[],"product_cat":[175,140,136],"product_tag":[],"_links":{"self":[{"href":"https:\/\/mil-et-zim.fr\/index.php\/wp-json\/wp\/v2\/product\/14165"}],"collection":[{"href":"https:\/\/mil-et-zim.fr\/index.php\/wp-json\/wp\/v2\/product"}],"about":[{"href":"https:\/\/mil-et-zim.fr\/index.php\/wp-json\/wp\/v2\/types\/product"}],"replies":[{"embeddable":true,"href":"https:\/\/mil-et-zim.fr\/index.php\/wp-json\/wp\/v2\/comments?post=14165"}],"wp:featuredmedia":[{"embeddable":true,"href":"https:\/\/mil-et-zim.fr\/index.php\/wp-json\/wp\/v2\/media\/14166"}],"wp:attachment":[{"href":"https:\/\/mil-et-zim.fr\/index.php\/wp-json\/wp\/v2\/media?parent=14165"}],"wp:term":[{"taxonomy":"product_cat","embeddable":true,"href":"https:\/\/mil-et-zim.fr\/index.php\/wp-json\/wp\/v2\/product_cat?post=14165"},{"taxonomy":"product_tag","embeddable":true,"href":"https:\/\/mil-et-zim.fr\/index.php\/wp-json\/wp\/v2\/product_tag?post=14165"}],"curies":[{"name":"wp","href":"https:\/\/api.w.org\/{rel}","templated":true}]}}