{"id":14167,"date":"2022-12-22T19:12:21","date_gmt":"2022-12-22T18:12:21","guid":{"rendered":"http:\/\/mil-et-zim.fr\/?post_type=product&#038;p=14167"},"modified":"2022-12-22T19:49:57","modified_gmt":"2022-12-22T18:49:57","slug":"aop-croze-hermitage-domaine-pochon-75cl","status":"publish","type":"product","link":"https:\/\/mil-et-zim.fr\/index.php\/product\/aop-croze-hermitage-domaine-pochon-75cl\/","title":{"rendered":"AOP CROZE HERMITAGE &#8211; Domaine POCHON 75cl"},"content":{"rendered":"<p>Ce Crozes-Hermitage rouge vinifi\u00e9 par \u00c9tienne Pochon est issu de vignes d\u2019une vingtaine d\u2019ann\u00e9es environ, plant\u00e9es \u00e0 la fois en plaines et en coteaux. Apr\u00e8s un \u00e9levage de 6 mois en f\u00fbts de 2 \u00e0 6 vins, le nectar r\u00e9v\u00e8le alors tout son potentiel. Un vin riche d\u2019ar\u00f4mes, complexe, o\u00f9 les \u00e9pices douces se m\u00ealent aux fruits rouges bien m\u00fbrs. On devine \u00e9galement un soup\u00e7on de r\u00e9glisse\u2026 La bouche est ronde, les tanins fins et la persistance est remarquable. Un \u00ab Crozes \u00bb bien repr\u00e9sentatif de son appellation, \u00e0 boire ou \u00e0 garder !<\/p>\n","protected":false},"excerpt":{"rendered":"<p>Un \u00ab Crozes \u00bb bien repr\u00e9sentatif de son appellation, \u00e0 boire ou \u00e0 garder !<\/p>\n","protected":false},"featured_media":14168,"comment_status":"closed","ping_status":"closed","template":"","meta":[],"product_cat":[176,140,136],"product_tag":[],"_links":{"self":[{"href":"https:\/\/mil-et-zim.fr\/index.php\/wp-json\/wp\/v2\/product\/14167"}],"collection":[{"href":"https:\/\/mil-et-zim.fr\/index.php\/wp-json\/wp\/v2\/product"}],"about":[{"href":"https:\/\/mil-et-zim.fr\/index.php\/wp-json\/wp\/v2\/types\/product"}],"replies":[{"embeddable":true,"href":"https:\/\/mil-et-zim.fr\/index.php\/wp-json\/wp\/v2\/comments?post=14167"}],"wp:featuredmedia":[{"embeddable":true,"href":"https:\/\/mil-et-zim.fr\/index.php\/wp-json\/wp\/v2\/media\/14168"}],"wp:attachment":[{"href":"https:\/\/mil-et-zim.fr\/index.php\/wp-json\/wp\/v2\/media?parent=14167"}],"wp:term":[{"taxonomy":"product_cat","embeddable":true,"href":"https:\/\/mil-et-zim.fr\/index.php\/wp-json\/wp\/v2\/product_cat?post=14167"},{"taxonomy":"product_tag","embeddable":true,"href":"https:\/\/mil-et-zim.fr\/index.php\/wp-json\/wp\/v2\/product_tag?post=14167"}],"curies":[{"name":"wp","href":"https:\/\/api.w.org\/{rel}","templated":true}]}}