{"id":14169,"date":"2022-12-22T19:21:34","date_gmt":"2022-12-22T18:21:34","guid":{"rendered":"http:\/\/mil-et-zim.fr\/?post_type=product&#038;p=14169"},"modified":"2022-12-22T19:49:11","modified_gmt":"2022-12-22T18:49:11","slug":"aop-cahors-lextra-libre-du-chateau-du-cedre-75cl","status":"publish","type":"product","link":"https:\/\/mil-et-zim.fr\/index.php\/product\/aop-cahors-lextra-libre-du-chateau-du-cedre-75cl\/","title":{"rendered":"AOP CAHORS &#8211; l&#8217;Extra Libre du Ch\u00e2teau du C\u00e8dre 75cl"},"content":{"rendered":"<p>Un\u00a0<strong>Cahors<\/strong>\u00a0souple et digeste, facile d&#8217;acc\u00e8s, \u00e0 partager en bonne compagnie et une belle expression de la maitrise du\u00a0<strong>Ch\u00e2teau du C\u00e8dre<\/strong>\u00a0en mati\u00e8re de Vins Natures.<\/p>\n<p><strong>Le C\u00e8dre Extra Libre<\/strong>\u00a0offre une somptueuse richesse aromatique, marqu\u00e9e par les fruits rouges et noirs bien croquants, sur une trame ronde, raffin\u00e9e et \u00e9l\u00e9gante, empreinte de fraicheur.<\/p>\n","protected":false},"excerpt":{"rendered":"<p>Un\u00a0<strong>Cahors<\/strong> souple et digeste, facile d&#8217;acc\u00e8s.<\/p>\n","protected":false},"featured_media":14170,"comment_status":"closed","ping_status":"closed","template":"","meta":[],"product_cat":[171,140,136],"product_tag":[],"_links":{"self":[{"href":"https:\/\/mil-et-zim.fr\/index.php\/wp-json\/wp\/v2\/product\/14169"}],"collection":[{"href":"https:\/\/mil-et-zim.fr\/index.php\/wp-json\/wp\/v2\/product"}],"about":[{"href":"https:\/\/mil-et-zim.fr\/index.php\/wp-json\/wp\/v2\/types\/product"}],"replies":[{"embeddable":true,"href":"https:\/\/mil-et-zim.fr\/index.php\/wp-json\/wp\/v2\/comments?post=14169"}],"wp:featuredmedia":[{"embeddable":true,"href":"https:\/\/mil-et-zim.fr\/index.php\/wp-json\/wp\/v2\/media\/14170"}],"wp:attachment":[{"href":"https:\/\/mil-et-zim.fr\/index.php\/wp-json\/wp\/v2\/media?parent=14169"}],"wp:term":[{"taxonomy":"product_cat","embeddable":true,"href":"https:\/\/mil-et-zim.fr\/index.php\/wp-json\/wp\/v2\/product_cat?post=14169"},{"taxonomy":"product_tag","embeddable":true,"href":"https:\/\/mil-et-zim.fr\/index.php\/wp-json\/wp\/v2\/product_tag?post=14169"}],"curies":[{"name":"wp","href":"https:\/\/api.w.org\/{rel}","templated":true}]}}