{"id":14173,"date":"2022-12-22T19:43:32","date_gmt":"2022-12-22T18:43:32","guid":{"rendered":"http:\/\/mil-et-zim.fr\/?post_type=product&#038;p=14173"},"modified":"2022-12-22T19:43:33","modified_gmt":"2022-12-22T18:43:33","slug":"aop-saint-romain-domaine-de-chassorney-sous-la-roche-2016","status":"publish","type":"product","link":"https:\/\/mil-et-zim.fr\/index.php\/product\/aop-saint-romain-domaine-de-chassorney-sous-la-roche-2016\/","title":{"rendered":"AOP Saint-Romain Domaine de Chassorney &#8220;Sous la roche 2016&#8221;"},"content":{"rendered":"<p>Quelle finesse ! Un tr\u00e8s grand pinot noir ultra pr\u00e9cis. Fraise \u00e9cras\u00e9e, coquelicot, orange sanguine et poivre noir, cerise des bois, champignons, sous bois, tanins ultra fondus. c\u2019est min\u00e9ral et assez rond mais avec une belle fra\u00eecheur, on sent l\u2019\u00e9levage f\u00fbt mais rien d\u2019opulent. Clairement assez dingue. A\u00e9rien, incroyable, c\u2019est grand.<\/p>\n","protected":false},"excerpt":{"rendered":"<p>Du fruit croquant gouleyant,\u00a0 fraise acidul\u00e9 , tr\u00e8s belle bouteille, le bois se marque avec l\u2019ouverture, tout en souplesse.<\/p>\n","protected":false},"featured_media":14174,"comment_status":"closed","ping_status":"closed","template":"","meta":[],"product_cat":[172,140,136],"product_tag":[],"_links":{"self":[{"href":"https:\/\/mil-et-zim.fr\/index.php\/wp-json\/wp\/v2\/product\/14173"}],"collection":[{"href":"https:\/\/mil-et-zim.fr\/index.php\/wp-json\/wp\/v2\/product"}],"about":[{"href":"https:\/\/mil-et-zim.fr\/index.php\/wp-json\/wp\/v2\/types\/product"}],"replies":[{"embeddable":true,"href":"https:\/\/mil-et-zim.fr\/index.php\/wp-json\/wp\/v2\/comments?post=14173"}],"wp:featuredmedia":[{"embeddable":true,"href":"https:\/\/mil-et-zim.fr\/index.php\/wp-json\/wp\/v2\/media\/14174"}],"wp:attachment":[{"href":"https:\/\/mil-et-zim.fr\/index.php\/wp-json\/wp\/v2\/media?parent=14173"}],"wp:term":[{"taxonomy":"product_cat","embeddable":true,"href":"https:\/\/mil-et-zim.fr\/index.php\/wp-json\/wp\/v2\/product_cat?post=14173"},{"taxonomy":"product_tag","embeddable":true,"href":"https:\/\/mil-et-zim.fr\/index.php\/wp-json\/wp\/v2\/product_tag?post=14173"}],"curies":[{"name":"wp","href":"https:\/\/api.w.org\/{rel}","templated":true}]}}