{"id":14175,"date":"2022-12-23T18:27:49","date_gmt":"2022-12-23T17:27:49","guid":{"rendered":"http:\/\/mil-et-zim.fr\/?post_type=product&#038;p=14175"},"modified":"2022-12-23T18:27:49","modified_gmt":"2022-12-23T17:27:49","slug":"aop-cornas-champelrose-domaine-courbis-75cl","status":"publish","type":"product","link":"https:\/\/mil-et-zim.fr\/index.php\/product\/aop-cornas-champelrose-domaine-courbis-75cl\/","title":{"rendered":"AOP CORNAS- Champelrose &#8211; Domaine COURBIS 75cl"},"content":{"rendered":"<p>Cette cuv\u00e9e provient d&#8217;un \u00ab Grand Terroir \u00bb : les vignes prennent racines sur une ar\u00e8ne granitique au micro-climat exceptionnel. De cet environnement, les fr\u00e8res Courbis \u00e9laborent un Cornas \u00e0 la fois puissant et fin, aux ar\u00f4mes subtils d&#8217;\u00e9pices et de fruits noirs, compl\u00e9t\u00e9s par des notes torr\u00e9fi\u00e9es. L&#8217;\u00e9levage dure pr\u00e8s de 16 mois. Nos deux vignerons alternent entre barriques neuves et anciennes.<\/p>\n","protected":false},"excerpt":{"rendered":"<p>Un Cornas \u00e0 la fois puissant et fin, aux ar\u00f4mes subtils d&#8217;\u00e9pices et de fruits noirs, compl\u00e9t\u00e9s par des notes torr\u00e9fi\u00e9es.<\/p>\n","protected":false},"featured_media":14176,"comment_status":"closed","ping_status":"closed","template":"","meta":[],"product_cat":[176,136],"product_tag":[],"_links":{"self":[{"href":"https:\/\/mil-et-zim.fr\/index.php\/wp-json\/wp\/v2\/product\/14175"}],"collection":[{"href":"https:\/\/mil-et-zim.fr\/index.php\/wp-json\/wp\/v2\/product"}],"about":[{"href":"https:\/\/mil-et-zim.fr\/index.php\/wp-json\/wp\/v2\/types\/product"}],"replies":[{"embeddable":true,"href":"https:\/\/mil-et-zim.fr\/index.php\/wp-json\/wp\/v2\/comments?post=14175"}],"wp:featuredmedia":[{"embeddable":true,"href":"https:\/\/mil-et-zim.fr\/index.php\/wp-json\/wp\/v2\/media\/14176"}],"wp:attachment":[{"href":"https:\/\/mil-et-zim.fr\/index.php\/wp-json\/wp\/v2\/media?parent=14175"}],"wp:term":[{"taxonomy":"product_cat","embeddable":true,"href":"https:\/\/mil-et-zim.fr\/index.php\/wp-json\/wp\/v2\/product_cat?post=14175"},{"taxonomy":"product_tag","embeddable":true,"href":"https:\/\/mil-et-zim.fr\/index.php\/wp-json\/wp\/v2\/product_tag?post=14175"}],"curies":[{"name":"wp","href":"https:\/\/api.w.org\/{rel}","templated":true}]}}