{"id":14177,"date":"2022-12-23T18:37:24","date_gmt":"2022-12-23T17:37:24","guid":{"rendered":"http:\/\/mil-et-zim.fr\/?post_type=product&#038;p=14177"},"modified":"2022-12-23T18:37:25","modified_gmt":"2022-12-23T17:37:25","slug":"aop-chablis-de-moor-lhumeur-du-temps-75cl","status":"publish","type":"product","link":"https:\/\/mil-et-zim.fr\/index.php\/product\/aop-chablis-de-moor-lhumeur-du-temps-75cl\/","title":{"rendered":"AOP CHABLIS &#8211; DE MOOR &#8211; L&#8217;humeur du temps 75cl"},"content":{"rendered":"<p>Profondeur et complexit\u00e9 se conjuguent dans L\u2019Humeur du Temps, un chablis \u00e9pur\u00e9, impressionnant par son \u00e9nergie et son tranchant, particuli\u00e8rement limpide et lumineux dans le contexte du mill\u00e9sime.<\/p>\n<p>Pour cette cuv\u00e9e le travail \u00e0 la vigne se fait en agriculture biologique, les raisins sont cueillis \u00e0 la main en petite caisses, et suivant l&#8217;humeur, et celle du mill\u00e9sime, le nombre de parcelles qui composent cette cuv\u00e9e varie : elles furent ici quatre sur la commune de Courgis . Sur ce mill\u00e9sime il s&#8217;agit d&#8217;un assemblage de vins \u00e9lev\u00e9s en foudre, en f\u00fbts et une partie minoritaire en cuve inox. Le vin a \u00e9t\u00e9 mis en bouteilles sans collage ni filtration.&#8221;<\/p>\n","protected":false},"excerpt":{"rendered":"<p>L\u2019Humeur du Temps, un chablis \u00e9pur\u00e9, impressionnant par son \u00e9nergie et son tranchant.<\/p>\n","protected":false},"featured_media":14178,"comment_status":"closed","ping_status":"closed","template":"","meta":[],"product_cat":[172,140,138],"product_tag":[],"_links":{"self":[{"href":"https:\/\/mil-et-zim.fr\/index.php\/wp-json\/wp\/v2\/product\/14177"}],"collection":[{"href":"https:\/\/mil-et-zim.fr\/index.php\/wp-json\/wp\/v2\/product"}],"about":[{"href":"https:\/\/mil-et-zim.fr\/index.php\/wp-json\/wp\/v2\/types\/product"}],"replies":[{"embeddable":true,"href":"https:\/\/mil-et-zim.fr\/index.php\/wp-json\/wp\/v2\/comments?post=14177"}],"wp:featuredmedia":[{"embeddable":true,"href":"https:\/\/mil-et-zim.fr\/index.php\/wp-json\/wp\/v2\/media\/14178"}],"wp:attachment":[{"href":"https:\/\/mil-et-zim.fr\/index.php\/wp-json\/wp\/v2\/media?parent=14177"}],"wp:term":[{"taxonomy":"product_cat","embeddable":true,"href":"https:\/\/mil-et-zim.fr\/index.php\/wp-json\/wp\/v2\/product_cat?post=14177"},{"taxonomy":"product_tag","embeddable":true,"href":"https:\/\/mil-et-zim.fr\/index.php\/wp-json\/wp\/v2\/product_tag?post=14177"}],"curies":[{"name":"wp","href":"https:\/\/api.w.org\/{rel}","templated":true}]}}