{"id":14179,"date":"2022-12-23T18:45:53","date_gmt":"2022-12-23T17:45:53","guid":{"rendered":"http:\/\/mil-et-zim.fr\/?post_type=product&#038;p=14179"},"modified":"2022-12-23T18:45:54","modified_gmt":"2022-12-23T17:45:54","slug":"aop-ctx-du-languedoc-cinsault-les-vignes-oubliees-75cl","status":"publish","type":"product","link":"https:\/\/mil-et-zim.fr\/index.php\/product\/aop-ctx-du-languedoc-cinsault-les-vignes-oubliees-75cl\/","title":{"rendered":"AOP Ctx du LANGUEDOC- Cinsault &#8211; Les vignes oubli\u00e9es  75cl"},"content":{"rendered":"<p>Le Languedoc Autour du Cinsault, derni\u00e8re cr\u00e9ation du domaine des Vignes Oubli\u00e9es est une vraie bombe de fruit sign\u00e9e Jean-Baptiste Granier, jeune vigneron install\u00e9 depuis 2007 \u00e0 Saint-Jean de la Blaqui\u00e8re, dans l\u2019H\u00e9rault. Cette cuv\u00e9e fait la part belle au c\u00e9page Cinsault, convivial et charmeur.<\/p>\n<p>Des ar\u00f4mes floraux et fruit\u00e9s \u00e0 dominante de myrtille, de fraise des bois ou encore de groseille, s\u2019affirment avec g\u00e9n\u00e9rosit\u00e9 et gourmandise.<br \/>\nLa bouche est charnelle, elle s\u00e9duit par la rondeur de ses tanins et offre un style tr\u00e8s fin, agr\u00e9able et fruit\u00e9.<\/p>\n","protected":false},"excerpt":{"rendered":"<p>Cette cuv\u00e9e &#8220;Autour du Cinsault&#8221; est un vrai bon canon, id\u00e9al pour accompagner une planche de charcuterie ou un fromage de ch\u00e8vre. Sant\u00e9 !<\/p>\n","protected":false},"featured_media":14180,"comment_status":"closed","ping_status":"closed","template":"","meta":[],"product_cat":[175,136],"product_tag":[],"_links":{"self":[{"href":"https:\/\/mil-et-zim.fr\/index.php\/wp-json\/wp\/v2\/product\/14179"}],"collection":[{"href":"https:\/\/mil-et-zim.fr\/index.php\/wp-json\/wp\/v2\/product"}],"about":[{"href":"https:\/\/mil-et-zim.fr\/index.php\/wp-json\/wp\/v2\/types\/product"}],"replies":[{"embeddable":true,"href":"https:\/\/mil-et-zim.fr\/index.php\/wp-json\/wp\/v2\/comments?post=14179"}],"wp:featuredmedia":[{"embeddable":true,"href":"https:\/\/mil-et-zim.fr\/index.php\/wp-json\/wp\/v2\/media\/14180"}],"wp:attachment":[{"href":"https:\/\/mil-et-zim.fr\/index.php\/wp-json\/wp\/v2\/media?parent=14179"}],"wp:term":[{"taxonomy":"product_cat","embeddable":true,"href":"https:\/\/mil-et-zim.fr\/index.php\/wp-json\/wp\/v2\/product_cat?post=14179"},{"taxonomy":"product_tag","embeddable":true,"href":"https:\/\/mil-et-zim.fr\/index.php\/wp-json\/wp\/v2\/product_tag?post=14179"}],"curies":[{"name":"wp","href":"https:\/\/api.w.org\/{rel}","templated":true}]}}