{"id":14181,"date":"2022-12-23T18:55:25","date_gmt":"2022-12-23T17:55:25","guid":{"rendered":"http:\/\/mil-et-zim.fr\/?post_type=product&#038;p=14181"},"modified":"2022-12-23T18:55:25","modified_gmt":"2022-12-23T17:55:25","slug":"aop-chateauneuf-du-pape-le-vieux-telegraphe-la-crau-75cl","status":"publish","type":"product","link":"https:\/\/mil-et-zim.fr\/index.php\/product\/aop-chateauneuf-du-pape-le-vieux-telegraphe-la-crau-75cl\/","title":{"rendered":"AOP CHATEAUNEUF DU PAPE &#8211; Le Vieux t\u00e9l\u00e9graphe &#8211; La Crau 75cl"},"content":{"rendered":"<p><strong>Le Vieux T\u00e9l\u00e9graphe 2018<\/strong>\u00a0est un mill\u00e9sime exceptionnel du Cru de la famille Brunier \u00e0 la Crau, une\u00a0des superstar de l&#8217;appellation\u00a0<a href=\"https:\/\/www.12bouteilles.com\/fr\/121-chateauneuf-du-pape\"><strong>Ch\u00e2teauneuf-du-Pape<\/strong><\/a>\u00a0dans un mill\u00e9sime magique<\/p>\n<p>Ce mill\u00e9sime 2018 est une pure merveille issu d&#8217;un assemblage de\u00a0<a class=\"pmsil\" title=\"Grenache, Vente vin en Ligne | 12bouteilles\" href=\"https:\/\/www.12bouteilles.com\/fr\/455-grenache\">grenache<\/a>\u00a0noir 65 %,\u00a0<a class=\"pmsil\" title=\"Mourv\u00e8dre, Vente vins en Ligne | 12bouteilles \" href=\"https:\/\/www.12bouteilles.com\/fr\/477-mourvedre\">Mourv\u00e8dre<\/a>\u00a015 %,\u00a0<a class=\"pmsil\" title=\"Syrah, Vente en Ligne | 12bouteilles \" href=\"https:\/\/www.12bouteilles.com\/fr\/445-syrah\">Syrah<\/a>\u00a015 %,\u00a0<a class=\"pmsil\" title=\"Cinsault, Vente vin en Ligne | 12bouteilles\" href=\"https:\/\/www.12bouteilles.com\/fr\/456-cinsault\">Cinsault<\/a>,\u00a0<a class=\"pmsil\" title=\"Clairette, Vente vin en Ligne | 12bouteilles \" href=\"https:\/\/www.12bouteilles.com\/fr\/642-clairette\">clairette<\/a>\u00a0et divers autres c\u00e9pages \u00e0 hauteur de 5 %.<\/p>\n","protected":false},"excerpt":{"rendered":"<p><strong>Le Vieux T\u00e9l\u00e9graphe 2018<\/strong>\u00a0est un mill\u00e9sime exceptionnel du Cru de la famille Brunier \u00e0 la Crau<\/p>\n","protected":false},"featured_media":14182,"comment_status":"closed","ping_status":"closed","template":"","meta":[],"product_cat":[176,136],"product_tag":[],"_links":{"self":[{"href":"https:\/\/mil-et-zim.fr\/index.php\/wp-json\/wp\/v2\/product\/14181"}],"collection":[{"href":"https:\/\/mil-et-zim.fr\/index.php\/wp-json\/wp\/v2\/product"}],"about":[{"href":"https:\/\/mil-et-zim.fr\/index.php\/wp-json\/wp\/v2\/types\/product"}],"replies":[{"embeddable":true,"href":"https:\/\/mil-et-zim.fr\/index.php\/wp-json\/wp\/v2\/comments?post=14181"}],"wp:featuredmedia":[{"embeddable":true,"href":"https:\/\/mil-et-zim.fr\/index.php\/wp-json\/wp\/v2\/media\/14182"}],"wp:attachment":[{"href":"https:\/\/mil-et-zim.fr\/index.php\/wp-json\/wp\/v2\/media?parent=14181"}],"wp:term":[{"taxonomy":"product_cat","embeddable":true,"href":"https:\/\/mil-et-zim.fr\/index.php\/wp-json\/wp\/v2\/product_cat?post=14181"},{"taxonomy":"product_tag","embeddable":true,"href":"https:\/\/mil-et-zim.fr\/index.php\/wp-json\/wp\/v2\/product_tag?post=14181"}],"curies":[{"name":"wp","href":"https:\/\/api.w.org\/{rel}","templated":true}]}}