{"id":14183,"date":"2022-12-23T19:12:40","date_gmt":"2022-12-23T18:12:40","guid":{"rendered":"http:\/\/mil-et-zim.fr\/?post_type=product&#038;p=14183"},"modified":"2022-12-23T19:12:40","modified_gmt":"2022-12-23T18:12:40","slug":"aop-vouvray-sec-dne-des-aubussieres-75cl","status":"publish","type":"product","link":"https:\/\/mil-et-zim.fr\/index.php\/product\/aop-vouvray-sec-dne-des-aubussieres-75cl\/","title":{"rendered":"AOP VOUVRAY SEC &#8211; Dne des AUBUSSIERES 75cl"},"content":{"rendered":"<p>La philosophie de Bernard\u00a0Fouquet depuis 1983 est de\u00a0produire des grands vins en restant au service du terroir et du c\u00e9page. De la tendresse fruit\u00e9e et pr\u00e9coce des silex qui font un malheur sur les poissons cr\u00e9meux, au Marigny sec \u00e0 la min\u00e9ralit\u00e9 franche et aux saveurs \u00e9clatantes, le Domaine a depuis longtemps acquis ses lettres de noblesse.<\/p>\n","protected":false},"excerpt":{"rendered":"<p>Le Marigny, une min\u00e9ralit\u00e9 franche, aux saveurs \u00e9clatantes 100% Chenin<\/p>\n","protected":false},"featured_media":14184,"comment_status":"closed","ping_status":"closed","template":"","meta":[],"product_cat":[173,138],"product_tag":[],"_links":{"self":[{"href":"https:\/\/mil-et-zim.fr\/index.php\/wp-json\/wp\/v2\/product\/14183"}],"collection":[{"href":"https:\/\/mil-et-zim.fr\/index.php\/wp-json\/wp\/v2\/product"}],"about":[{"href":"https:\/\/mil-et-zim.fr\/index.php\/wp-json\/wp\/v2\/types\/product"}],"replies":[{"embeddable":true,"href":"https:\/\/mil-et-zim.fr\/index.php\/wp-json\/wp\/v2\/comments?post=14183"}],"wp:featuredmedia":[{"embeddable":true,"href":"https:\/\/mil-et-zim.fr\/index.php\/wp-json\/wp\/v2\/media\/14184"}],"wp:attachment":[{"href":"https:\/\/mil-et-zim.fr\/index.php\/wp-json\/wp\/v2\/media?parent=14183"}],"wp:term":[{"taxonomy":"product_cat","embeddable":true,"href":"https:\/\/mil-et-zim.fr\/index.php\/wp-json\/wp\/v2\/product_cat?post=14183"},{"taxonomy":"product_tag","embeddable":true,"href":"https:\/\/mil-et-zim.fr\/index.php\/wp-json\/wp\/v2\/product_tag?post=14183"}],"curies":[{"name":"wp","href":"https:\/\/api.w.org\/{rel}","templated":true}]}}