{"id":14185,"date":"2022-12-23T19:25:33","date_gmt":"2022-12-23T18:25:33","guid":{"rendered":"http:\/\/mil-et-zim.fr\/?post_type=product&#038;p=14185"},"modified":"2022-12-23T19:25:33","modified_gmt":"2022-12-23T18:25:33","slug":"aop-gevrey-chambertin-ostrea-trapet-75cl","status":"publish","type":"product","link":"https:\/\/mil-et-zim.fr\/index.php\/product\/aop-gevrey-chambertin-ostrea-trapet-75cl\/","title":{"rendered":"AOP GEVREY-CHAMBERTIN &#8211; OSTREA &#8211; TRAPET  75cl"},"content":{"rendered":"<p>L&#8217;Ostrea Gevrey Chambertin 2012 du Domaine Trapet a un nez en retrait par rapport \u00e0 ses pairs, mais la d\u00e9limitation et l&#8217;accent sont ici appr\u00e9ciables, la canneberge et la framboise en t\u00eate. La bouche est nerveuse \u00e0 l&#8217;entr\u00e9e gr\u00e2ce au fil de l&#8217;acidit\u00e9.<\/p>\n","protected":false},"excerpt":{"rendered":"<p>Le gevrey-chambertin Ostrea de Trapet na\u00eet de quatre parcelles, dont l&#8217;une porte les plus vieilles vignes du domaine, choisies chacune pour la particularit\u00e9 de son terroir.<\/p>\n","protected":false},"featured_media":14186,"comment_status":"closed","ping_status":"closed","template":"","meta":[],"product_cat":[172,140,136],"product_tag":[],"_links":{"self":[{"href":"https:\/\/mil-et-zim.fr\/index.php\/wp-json\/wp\/v2\/product\/14185"}],"collection":[{"href":"https:\/\/mil-et-zim.fr\/index.php\/wp-json\/wp\/v2\/product"}],"about":[{"href":"https:\/\/mil-et-zim.fr\/index.php\/wp-json\/wp\/v2\/types\/product"}],"replies":[{"embeddable":true,"href":"https:\/\/mil-et-zim.fr\/index.php\/wp-json\/wp\/v2\/comments?post=14185"}],"wp:featuredmedia":[{"embeddable":true,"href":"https:\/\/mil-et-zim.fr\/index.php\/wp-json\/wp\/v2\/media\/14186"}],"wp:attachment":[{"href":"https:\/\/mil-et-zim.fr\/index.php\/wp-json\/wp\/v2\/media?parent=14185"}],"wp:term":[{"taxonomy":"product_cat","embeddable":true,"href":"https:\/\/mil-et-zim.fr\/index.php\/wp-json\/wp\/v2\/product_cat?post=14185"},{"taxonomy":"product_tag","embeddable":true,"href":"https:\/\/mil-et-zim.fr\/index.php\/wp-json\/wp\/v2\/product_tag?post=14185"}],"curies":[{"name":"wp","href":"https:\/\/api.w.org\/{rel}","templated":true}]}}